{"id":9076,"date":"2020-10-19T10:15:57","date_gmt":"2020-10-19T08:15:57","guid":{"rendered":"http:\/\/maxeville.fr\/?page_id=9076"},"modified":"2020-10-19T10:15:57","modified_gmt":"2020-10-19T08:15:57","slug":"utilisation-de-cameras-pietons-par-la-police-municipale","status":"publish","type":"page","link":"https:\/\/maxeville.fr\/index.php\/utilisation-de-cameras-pietons-par-la-police-municipale\/","title":{"rendered":"Utilisation de cam\u00e9ras pi\u00e9tons par la police municipale"},"content":{"rendered":"\n<p>Les articles L241-2 et R241-8 et suivants du Code de la S\u00e9curit\u00e9 int\u00e9rieure autorisent les agents de police municipale \u00e0 proc\u00e9der en tous lieux, y compris les lieux priv\u00e9s, \u00e0 un enregistrement audiovisuel de leurs interventions.<\/p>\n\n\n\n<p>Par l&#8217;Arr\u00eat\u00e9 Pr\u00e9fectoral N\u00b0 2020-3 en date du 16 octobre 2020, la police municipale de Max\u00e9ville est autoris\u00e9e \u00e0 s&#8217;\u00e9quiper de 4 cam\u00e9ras individuelles.<\/p>\n\n\n\n<p><strong>Responsables du traitement:<\/strong><br>Le Maire de Max\u00e9ville et la Cheffe de service de la Police Municipale<\/p>\n\n\n\n<p><strong>Objectifs :<\/strong><br>&#8211; Pr\u00e9vention des incidents au cours des interventions des Agents de Police Municipale;<br>&#8211; Constats d\u2019infractions et la poursuite des auteurs par la collecte de preuves. <\/p>\n\n\n\n<p><strong>Dur\u00e9e de conservation des donn\u00e9es a caract\u00e8re personnel :<\/strong><br>Les images enregistr\u00e9es sont conserv\u00e9es 6 mois \u00e0 compter du jour d\u2019enregistrement sauf en cas de r\u00e9quisitions lors de proc\u00e9dure judiciaire, administrative ou disciplinaire. <\/p>\n\n\n\n<p><strong>Cat\u00e9gories d\u2019acc\u00e9dants et de destinataires des donn\u00e9es :<\/strong><br>La Cheffe de service de police municipale et les agents d\u00e9sign\u00e9s du service, les officiers et agents de police judiciaire de Police Nationale et de la Gendarmerie Nationale, les agents des services d\u2019inspection g\u00e9n\u00e9rale de l\u2019\u00c9tat, ainsi que les agents charg\u00e9s de la formation des personnels et le Maire et son adjoint \u00e0 la s\u00e9curit\u00e9 pourront acc\u00e9der aux donn\u00e9es, dans le cadre d\u2019une proc\u00e9dure judiciaire, administrative ou disciplinaire, ou encore pour des actions de formation.<\/p>\n\n\n\n<p><em>Modalit\u00e9s d\u2019exercice des droits de la personne concern\u00e9e conform\u00e9ment aux dispositions de l&#8217;article R241-15 du Code de la S\u00e9curit\u00e9 Int\u00e9rieure :<\/em><br>Les personnes concern\u00e9es peuvent introduire une r\u00e9clamation aupr\u00e8s de la CNIL (Coordonn\u00e9es : 3 Place Fontenay 75334 PARIS CEDEX 07, T\u00e9l : 0153732222)<\/p>\n<div style=\"padding-bottom:20px; padding-top:10px;\" class=\"hupso-share-buttons\"><!-- Hupso Share Buttons - https:\/\/www.hupso.com\/share\/ --><a class=\"hupso_toolbar\" href=\"https:\/\/www.hupso.com\/share\/\"><img src=\"https:\/\/static.hupso.com\/share\/buttons\/lang\/fr\/share-medium.png\" style=\"border:0px; padding-top: 5px; float:left;\" alt=\"Share Button\"\/><\/a><script type=\"text\/javascript\">var hupso_services_t=new Array();var hupso_background_t=\"#EAF4FF\";var hupso_border_t=\"#66CCFF\";var hupso_toolbar_size_t=\"medium\";var hupso_image_folder_url = \"\";var hupso_url_t=\"\";var hupso_title_t=\"Utilisation%20de%20cam%C3%A9ras%20pi%C3%A9tons%20par%20la%20police%20municipale\";<\/script><script type=\"text\/javascript\" src=\"https:\/\/static.hupso.com\/share\/js\/share_toolbar.js\"><\/script><!-- Hupso Share Buttons --><\/div>","protected":false},"excerpt":{"rendered":"<p>Les articles L241-2 et R241-8 et suivants du Code de la S\u00e9curit\u00e9 int\u00e9rieure autorisent les agents de police municipale \u00e0 proc\u00e9der en tous lieux, y compris les lieux&#8230;<\/p>\n","protected":false},"author":1,"featured_media":0,"parent":0,"menu_order":0,"comment_status":"closed","ping_status":"closed","template":"","meta":[],"_links":{"self":[{"href":"https:\/\/maxeville.fr\/index.php\/wp-json\/wp\/v2\/pages\/9076"}],"collection":[{"href":"https:\/\/maxeville.fr\/index.php\/wp-json\/wp\/v2\/pages"}],"about":[{"href":"https:\/\/maxeville.fr\/index.php\/wp-json\/wp\/v2\/types\/page"}],"author":[{"embeddable":true,"href":"https:\/\/maxeville.fr\/index.php\/wp-json\/wp\/v2\/users\/1"}],"replies":[{"embeddable":true,"href":"https:\/\/maxeville.fr\/index.php\/wp-json\/wp\/v2\/comments?post=9076"}],"version-history":[{"count":1,"href":"https:\/\/maxeville.fr\/index.php\/wp-json\/wp\/v2\/pages\/9076\/revisions"}],"predecessor-version":[{"id":9077,"href":"https:\/\/maxeville.fr\/index.php\/wp-json\/wp\/v2\/pages\/9076\/revisions\/9077"}],"wp:attachment":[{"href":"https:\/\/maxeville.fr\/index.php\/wp-json\/wp\/v2\/media?parent=9076"}],"curies":[{"name":"wp","href":"https:\/\/api.w.org\/{rel}","templated":true}]}}