{"id":94,"date":"2016-04-01T11:09:45","date_gmt":"2016-04-01T13:09:45","guid":{"rendered":"http:\/\/www.maxeville.fr\/?page_id=94"},"modified":"2024-04-16T15:52:22","modified_gmt":"2024-04-16T13:52:22","slug":"les-quartiers-de-maxeville","status":"publish","type":"page","link":"https:\/\/maxeville.fr\/index.php\/ma-ville\/les-quartiers-de-maxeville\/","title":{"rendered":"Les quartiers de Max\u00e9ville"},"content":{"rendered":"<p>Max\u00e9ville se distingue par un d\u00e9coupage en quatre quartiers distincts :<\/p>\n<h3>Les Aulnes (partie orange sur le plan)<\/h3>\n<p><img decoding=\"async\" loading=\"lazy\" class=\"alignnone size-large wp-image-3135\" src=\"https:\/\/maxeville.fr\/wp-content\/uploads\/2017\/11\/AULNES-1024x683.jpg\" alt=\"AULNES\" width=\"620\" height=\"414\" srcset=\"https:\/\/maxeville.fr\/wp-content\/uploads\/2017\/11\/AULNES-1024x683.jpg 1024w, https:\/\/maxeville.fr\/wp-content\/uploads\/2017\/11\/AULNES-300x200.jpg 300w, https:\/\/maxeville.fr\/wp-content\/uploads\/2017\/11\/AULNES-768x513.jpg 768w, https:\/\/maxeville.fr\/wp-content\/uploads\/2017\/11\/AULNES-973x649.jpg 973w, https:\/\/maxeville.fr\/wp-content\/uploads\/2017\/11\/AULNES-508x339.jpg 508w, https:\/\/maxeville.fr\/wp-content\/uploads\/2017\/11\/AULNES-250x167.jpg 250w, https:\/\/maxeville.fr\/wp-content\/uploads\/2017\/11\/AULNES-550x367.jpg 550w, https:\/\/maxeville.fr\/wp-content\/uploads\/2017\/11\/AULNES-800x534.jpg 800w, https:\/\/maxeville.fr\/wp-content\/uploads\/2017\/11\/AULNES-270x180.jpg 270w, https:\/\/maxeville.fr\/wp-content\/uploads\/2017\/11\/AULNES-450x300.jpg 450w, https:\/\/maxeville.fr\/wp-content\/uploads\/2017\/11\/AULNES-749x500.jpg 749w, https:\/\/maxeville.fr\/wp-content\/uploads\/2017\/11\/AULNES-24x16.jpg 24w, https:\/\/maxeville.fr\/wp-content\/uploads\/2017\/11\/AULNES-36x24.jpg 36w, https:\/\/maxeville.fr\/wp-content\/uploads\/2017\/11\/AULNES-48x32.jpg 48w, https:\/\/maxeville.fr\/wp-content\/uploads\/2017\/11\/AULNES.jpg 1500w\" sizes=\"(max-width: 620px) 100vw, 620px\" \/><\/p>\n<h3>Le Centre (partie violette sur le plan)<\/h3>\n<p><img decoding=\"async\" loading=\"lazy\" class=\"alignnone size-large wp-image-3132\" src=\"https:\/\/maxeville.fr\/wp-content\/uploads\/2017\/11\/eglise-1024x683.jpg\" alt=\"eglise\" width=\"620\" height=\"414\" srcset=\"https:\/\/maxeville.fr\/wp-content\/uploads\/2017\/11\/eglise-1024x683.jpg 1024w, https:\/\/maxeville.fr\/wp-content\/uploads\/2017\/11\/eglise-300x200.jpg 300w, https:\/\/maxeville.fr\/wp-content\/uploads\/2017\/11\/eglise-768x512.jpg 768w, https:\/\/maxeville.fr\/wp-content\/uploads\/2017\/11\/eglise-973x649.jpg 973w, https:\/\/maxeville.fr\/wp-content\/uploads\/2017\/11\/eglise-508x339.jpg 508w, https:\/\/maxeville.fr\/wp-content\/uploads\/2017\/11\/eglise-250x167.jpg 250w, https:\/\/maxeville.fr\/wp-content\/uploads\/2017\/11\/eglise-550x367.jpg 550w, https:\/\/maxeville.fr\/wp-content\/uploads\/2017\/11\/eglise-800x533.jpg 800w, https:\/\/maxeville.fr\/wp-content\/uploads\/2017\/11\/eglise-270x180.jpg 270w, https:\/\/maxeville.fr\/wp-content\/uploads\/2017\/11\/eglise-450x300.jpg 450w, https:\/\/maxeville.fr\/wp-content\/uploads\/2017\/11\/eglise-750x500.jpg 750w, https:\/\/maxeville.fr\/wp-content\/uploads\/2017\/11\/eglise-24x16.jpg 24w, https:\/\/maxeville.fr\/wp-content\/uploads\/2017\/11\/eglise-36x24.jpg 36w, https:\/\/maxeville.fr\/wp-content\/uploads\/2017\/11\/eglise-48x32.jpg 48w, https:\/\/maxeville.fr\/wp-content\/uploads\/2017\/11\/eglise.jpg 1500w\" sizes=\"(max-width: 620px) 100vw, 620px\" \/><\/p>\n<h3>Champ-le-B\u0153uf (partie verte sur le plan)<\/h3>\n<p><img decoding=\"async\" loading=\"lazy\" class=\"alignnone size-large wp-image-3133\" src=\"https:\/\/maxeville.fr\/wp-content\/uploads\/2017\/11\/CLB-1024x683.jpg\" alt=\"CLB\" width=\"620\" height=\"414\" \/><\/p>\n<h3>Meurthe- Canal (partie jaune sur le plan)<\/h3>\n<p><img decoding=\"async\" loading=\"lazy\" class=\"alignnone size-large wp-image-3134\" src=\"https:\/\/maxeville.fr\/wp-content\/uploads\/2017\/11\/CANAL-1024x683.jpg\" alt=\"CANAL\" width=\"620\" height=\"414\" srcset=\"https:\/\/maxeville.fr\/wp-content\/uploads\/2017\/11\/CANAL-1024x683.jpg 1024w, https:\/\/maxeville.fr\/wp-content\/uploads\/2017\/11\/CANAL-300x200.jpg 300w, https:\/\/maxeville.fr\/wp-content\/uploads\/2017\/11\/CANAL-768x513.jpg 768w, https:\/\/maxeville.fr\/wp-content\/uploads\/2017\/11\/CANAL-973x649.jpg 973w, https:\/\/maxeville.fr\/wp-content\/uploads\/2017\/11\/CANAL-508x339.jpg 508w, https:\/\/maxeville.fr\/wp-content\/uploads\/2017\/11\/CANAL-250x167.jpg 250w, https:\/\/maxeville.fr\/wp-content\/uploads\/2017\/11\/CANAL-550x367.jpg 550w, https:\/\/maxeville.fr\/wp-content\/uploads\/2017\/11\/CANAL-800x534.jpg 800w, https:\/\/maxeville.fr\/wp-content\/uploads\/2017\/11\/CANAL-270x180.jpg 270w, https:\/\/maxeville.fr\/wp-content\/uploads\/2017\/11\/CANAL-450x300.jpg 450w, https:\/\/maxeville.fr\/wp-content\/uploads\/2017\/11\/CANAL-749x500.jpg 749w, https:\/\/maxeville.fr\/wp-content\/uploads\/2017\/11\/CANAL-24x16.jpg 24w, https:\/\/maxeville.fr\/wp-content\/uploads\/2017\/11\/CANAL-36x24.jpg 36w, https:\/\/maxeville.fr\/wp-content\/uploads\/2017\/11\/CANAL-48x32.jpg 48w, https:\/\/maxeville.fr\/wp-content\/uploads\/2017\/11\/CANAL.jpg 1500w\" sizes=\"(max-width: 620px) 100vw, 620px\" \/><br \/>\nCr\u00e9dit photo : Nicolas BRAM<\/p>\n<div style=\"padding-bottom:20px; padding-top:10px;\" class=\"hupso-share-buttons\"><!-- Hupso Share Buttons - https:\/\/www.hupso.com\/share\/ --><a class=\"hupso_toolbar\" href=\"https:\/\/www.hupso.com\/share\/\"><img src=\"https:\/\/static.hupso.com\/share\/buttons\/lang\/fr\/share-medium.png\" style=\"border:0px; padding-top: 5px; float:left;\" alt=\"Share Button\"\/><\/a><script type=\"text\/javascript\">var hupso_services_t=new Array();var hupso_background_t=\"#EAF4FF\";var hupso_border_t=\"#66CCFF\";var hupso_toolbar_size_t=\"medium\";var hupso_image_folder_url = \"\";var hupso_url_t=\"\";var hupso_title_t=\"Les%20quartiers%20de%20Max%C3%A9ville\";<\/script><script type=\"text\/javascript\" src=\"https:\/\/static.hupso.com\/share\/js\/share_toolbar.js\"><\/script><!-- Hupso Share Buttons --><\/div>","protected":false},"excerpt":{"rendered":"<p>Max\u00e9ville se distingue par un d\u00e9coupage en quatre quartiers distincts : Les Aulnes (partie orange sur le plan) Le Centre (partie violette sur le plan) Champ-le-B\u0153uf (partie verte&#8230;<\/p>\n","protected":false},"author":1,"featured_media":13229,"parent":73,"menu_order":15,"comment_status":"closed","ping_status":"closed","template":"","meta":[],"_links":{"self":[{"href":"https:\/\/maxeville.fr\/index.php\/wp-json\/wp\/v2\/pages\/94"}],"collection":[{"href":"https:\/\/maxeville.fr\/index.php\/wp-json\/wp\/v2\/pages"}],"about":[{"href":"https:\/\/maxeville.fr\/index.php\/wp-json\/wp\/v2\/types\/page"}],"author":[{"embeddable":true,"href":"https:\/\/maxeville.fr\/index.php\/wp-json\/wp\/v2\/users\/1"}],"replies":[{"embeddable":true,"href":"https:\/\/maxeville.fr\/index.php\/wp-json\/wp\/v2\/comments?post=94"}],"version-history":[{"count":13,"href":"https:\/\/maxeville.fr\/index.php\/wp-json\/wp\/v2\/pages\/94\/revisions"}],"predecessor-version":[{"id":15818,"href":"https:\/\/maxeville.fr\/index.php\/wp-json\/wp\/v2\/pages\/94\/revisions\/15818"}],"up":[{"embeddable":true,"href":"https:\/\/maxeville.fr\/index.php\/wp-json\/wp\/v2\/pages\/73"}],"wp:featuredmedia":[{"embeddable":true,"href":"https:\/\/maxeville.fr\/index.php\/wp-json\/wp\/v2\/media\/13229"}],"wp:attachment":[{"href":"https:\/\/maxeville.fr\/index.php\/wp-json\/wp\/v2\/media?parent=94"}],"curies":[{"name":"wp","href":"https:\/\/api.w.org\/{rel}","templated":true}]}}