{"id":963,"date":"2016-09-15T14:25:16","date_gmt":"2016-09-15T12:25:16","guid":{"rendered":"http:\/\/www.maxeville.fr\/?page_id=963"},"modified":"2016-11-08T11:03:03","modified_gmt":"2016-11-08T10:03:03","slug":"mission-locale","status":"publish","type":"page","link":"https:\/\/maxeville.fr\/index.php\/ma-famille\/mission-locale\/","title":{"rendered":"Mission locale"},"content":{"rendered":"<hr \/>\n<h5>Accompagnement\u00a0 Jeunes &#8211; de 26 ans<\/h5>\n<p><span style=\"color: #808080;\"><b><\/b><strong>La Mission locale<\/strong><br \/>\nVous n\u2019\u00eates plus scolaris\u00e9 ni \u00e9tudiant, la Mission Locale vous accompagne dans l\u2019\u00e9laboration de votre projet professionnel pour rechercher un emploi ou une formation, partir en stage ou cr\u00e9er votre entreprise.<\/span><\/p>\n<h5>Comment \u00e7a marche ?<\/h5>\n<p><span style=\"color: #808080;\">Vous devez vous <b>inscrire<\/b> \u00e0 la Mission Locale pour obtenir un <b>suivi personnalis\u00e9<\/b>.<\/span><\/p>\n<p><span style=\"color: #808080;\">Les temps de <b>face-\u00e0-face<\/b> seront privil\u00e9gi\u00e9s\u00a0 afin de bien vous <b>orienter<\/b> et de mieux observer l\u2019\u00e9volution de <b>votre projet<\/b>.<\/span><\/p>\n<p><span style=\"color: #808080;\">Votre Conseill\u00e8re r\u00e9f\u00e9rente vous accompagnera et vous aidera \u00e0 <b>gagner en autonomie<\/b> et en <b>\u00ab<\/b><b>\u00a0Savoir-\u00eatre\u00a0<\/b><b>\u00bb.<br \/>\n<\/b>Elle trouvera avec vous\u00a0 la <b>Formation qualifiante<\/b> qui vous conviendra le mieux et\/ou le\u00a0 moyen le plus s\u00fbr\u00a0 de r\u00e9ussir un <b>entretien d\u2019embauche<\/b> pour finalement acc\u00e9der \u00e0 un <b>premier emploi<\/b>.<\/span><\/p>\n<h5><b>Le Dispositif \u00ab\u00a0Garantie Jeunes\u00a0\u00bb<\/b><\/h5>\n<p><em>(Depuis 2015 sur le territoire du Grand Nancy)<\/em><\/p>\n<p><span style=\"color: #808080;\"><b>Pour qui ? <\/b>Pour\u00a0 tous les jeunes de 18 \u00e0 25 ans sortis du syst\u00e8me \u00e9ducatif , qui ne sont ni en emploi ni en Formation, et qui sont dans une situation \u00e0 risque de pr\u00e9carit\u00e9, quelque soit leur niveau de formation.<\/span><\/p>\n<p><span style=\"color: #808080;\"><b>Pour <\/b><b>quoi ? <\/b>Pour am\u00e9liorer la situation sociale des jeunes en les amenant vers plus d\u2019autonomie.<\/span><\/p>\n<p><span style=\"color: #808080;\"><b>Les structures pour retrouver le chemin de l\u2019emploi :<\/b><\/span><\/p>\n<ul>\n<li><span style=\"color: #808080;\">P\u00f4le Emploi<\/span><\/li>\n<li><span style=\"color: #808080;\">La Maison de l\u2019Emploi du Grand Nancy<\/span><\/li>\n<li><span style=\"color: #808080;\">Les chantiers d\u2019insertion<b><br \/>\n<\/b><\/span><\/li>\n<\/ul>\n<h5><b>P\u00f4le emploi<\/b><\/h5>\n<p><span style=\"color: #808080;\">Cette institution (n\u00e9e de la fusion\u00a0 ANPE \/ ASSEDICS, en 2008) a pour vocation les placements et les indemnisations des demandeurs d\u2019emploi. Ses deux missions sont donc de :<\/span><\/p>\n<ul>\n<li><span style=\"color: #808080;\">V\u00e9rifier les conditions d\u2019indemnisation ch\u00f4mage et initier celle-ci ;<\/span><\/li>\n<li><span style=\"color: #808080;\">Mettre en relation les entreprises offreuses d\u2019emploi et les ch\u00f4meurs demandeurs d\u2019emploi.<\/span><\/li>\n<\/ul>\n<p><strong><span style=\"color: #808080;\"><a style=\"color: #808080;\" href=\"http:\/\/www.pole-emploi.fr\/\">www.pole-emploi.fr<\/a>\u00a0 \/ N\u00b0 t\u00e9l. national : 3949<\/span><\/strong><\/p>\n<p><em><span style=\"color: #808080;\">L\u2019antenne Pole emploi pour tous les demandeurs d\u2019emploi de Max\u00e9ville se situe sur le Plateau de Haye, en face de la Polyclinique Majorelle,\u00a0<\/span><span style=\"color: #808080;\">199 rue Julie Daubi\u00e9\u00a0 54100 Nancy.<\/span><\/em><\/p>\n<h5><b>La Maison de l\u2019Emploi du Grand Nancy (MDE)<\/b><\/h5>\n<p><span style=\"color: #808080;\">Comp\u00e9titivit\u00e9 des entreprises, emploi pour les habitants du Grand Nancy et dialogue avec les d\u00e9cideurs locaux constituent le triptyque fondamental sur lesquels la MDE a d\u00e9velopp\u00e9 toute implication.<\/span><\/p>\n<h5><b>Les chantiers d\u2019insertion <\/b><\/h5>\n<p><span style=\"color: #808080;\">\u00c0\u00a0ceux qui se sont \u00e9loign\u00e9s de l\u2019emploi (souvent depuis longtemps), ils permettent de renouer avec une activit\u00e9 professionnelle. Les structures qui portent ces chantiers produisent des biens et des services via des activit\u00e9s d\u2019utilit\u00e9 sociale. Pour exemple : le b\u00e2timent, l\u2019entretien des espaces verts, ou encore l\u2019assistance \u00e0 la personne sont des secteurs tr\u00e8s repr\u00e9sent\u00e9s localement.<br \/>\n<\/span><span style=\"color: #808080;\">\u00c0 noter que depuis 2015, le \u00ab\u00a0Correspondant de Parcours Territorialis\u00e9\u00a0\u00bb a pour\u00a0 mission de mettre en \u0153uvre toutes les \u00e9tapes de parcours n\u00e9cessaires \u00e0 une insertion professionnelle qui doit s\u2019inscrire dans le temps.<\/span><\/p>\n<p><span style=\"color: #808080;\"><b>Exemples de Chantiers d\u2019insertion pr\u00e9sents sur la commune de <\/b><b>M<\/b><b>ax\u00e9ville :<\/b><\/span><\/p>\n<p><span style=\"color: #808080;\"><b>Ar\u00e9lia\u00a0(<\/b>n\u00e9e de la fusion du Grand Sauvoy et de Regain 54) &#8211; b\u00e2timent et second \u0153uvre, entretien divers, espaces verts, mara\u00eechage, restauration, blanchisserie, d\u00e9veloppement durable, accompagnement socioprofessionnel.<\/span><\/p>\n<p><span style=\"color: #808080;\"><b>l\u2019ARS<\/b> &#8211; Chantier d\u00e9barras et d\u00e9m\u00e9nagement.<\/span><\/p>\n<p><span style=\"color: #808080;\"><b>Arcades<\/b>\u00a0\u2013 <b>Imagine\u00a0<\/b>\u00a0&#8211; Informatique \/ Conduite vers l\u2019emploi.<\/span><\/p>\n<p><span style=\"color: #808080;\"><b>R\u00e9ciprocit\u00e9s<\/b>\u00a0&#8211; M\u00e9diation Proximit\u00e9 ANRU (Agence\u00a0 Nationale de R\u00e9novation Urbaine).<\/span><\/p>\n<p><span style=\"color: #808080;\"><b>Tricot Couture Service\u00a0<\/b>&#8211; Chantier d&#8217;insertion par la couture.<\/span><\/p>\n<div style=\"padding-bottom:20px; padding-top:10px;\" class=\"hupso-share-buttons\"><!-- Hupso Share Buttons - https:\/\/www.hupso.com\/share\/ --><a class=\"hupso_toolbar\" href=\"https:\/\/www.hupso.com\/share\/\"><img src=\"https:\/\/static.hupso.com\/share\/buttons\/lang\/fr\/share-medium.png\" style=\"border:0px; padding-top: 5px; float:left;\" alt=\"Share Button\"\/><\/a><script type=\"text\/javascript\">var hupso_services_t=new Array();var hupso_background_t=\"#EAF4FF\";var hupso_border_t=\"#66CCFF\";var hupso_toolbar_size_t=\"medium\";var hupso_image_folder_url = \"\";var hupso_url_t=\"\";var hupso_title_t=\"Mission%20locale\";<\/script><script type=\"text\/javascript\" src=\"https:\/\/static.hupso.com\/share\/js\/share_toolbar.js\"><\/script><!-- Hupso Share Buttons --><\/div>","protected":false},"excerpt":{"rendered":"<p>Accompagnement\u00a0 Jeunes &#8211; de 26 ans La Mission locale Vous n\u2019\u00eates plus scolaris\u00e9 ni \u00e9tudiant, la Mission Locale vous accompagne dans l\u2019\u00e9laboration de votre projet professionnel pour rechercher&#8230;<\/p>\n","protected":false},"author":1,"featured_media":0,"parent":341,"menu_order":11,"comment_status":"closed","ping_status":"closed","template":"","meta":[],"_links":{"self":[{"href":"https:\/\/maxeville.fr\/index.php\/wp-json\/wp\/v2\/pages\/963"}],"collection":[{"href":"https:\/\/maxeville.fr\/index.php\/wp-json\/wp\/v2\/pages"}],"about":[{"href":"https:\/\/maxeville.fr\/index.php\/wp-json\/wp\/v2\/types\/page"}],"author":[{"embeddable":true,"href":"https:\/\/maxeville.fr\/index.php\/wp-json\/wp\/v2\/users\/1"}],"replies":[{"embeddable":true,"href":"https:\/\/maxeville.fr\/index.php\/wp-json\/wp\/v2\/comments?post=963"}],"version-history":[{"count":9,"href":"https:\/\/maxeville.fr\/index.php\/wp-json\/wp\/v2\/pages\/963\/revisions"}],"predecessor-version":[{"id":1213,"href":"https:\/\/maxeville.fr\/index.php\/wp-json\/wp\/v2\/pages\/963\/revisions\/1213"}],"up":[{"embeddable":true,"href":"https:\/\/maxeville.fr\/index.php\/wp-json\/wp\/v2\/pages\/341"}],"wp:attachment":[{"href":"https:\/\/maxeville.fr\/index.php\/wp-json\/wp\/v2\/media?parent=963"}],"curies":[{"name":"wp","href":"https:\/\/api.w.org\/{rel}","templated":true}]}}