{"id":965,"date":"2016-09-15T14:25:22","date_gmt":"2016-09-15T12:25:22","guid":{"rendered":"http:\/\/www.maxeville.fr\/?page_id=965"},"modified":"2019-06-07T09:42:47","modified_gmt":"2019-06-07T07:42:47","slug":"maintien-a-domicile","status":"publish","type":"page","link":"https:\/\/maxeville.fr\/index.php\/ma-famille\/maintien-a-domicile\/","title":{"rendered":"Maintien \u00e0 domicile"},"content":{"rendered":"<hr \/>\n<p>Afin de permettre aux seniors de rester le plus longtemps possible chez eux, sans\u00a0 pour autant perdre leur confort et leur s\u00e9curit\u00e9, la municipalit\u00e9 &#8211; en partenariat avec certains organismes locaux tel que l\u2019Oph de Nancy &#8211; favorise les interventions\u00a0 \u00e0 domiciles\u00a0 (entretien, petits travaux\u2026).<br \/>\n<b>En fonction de leur situation<\/b>, ils peuvent ainsi b\u00e9n\u00e9ficier d\u2019heures de m\u00e9nage et\/ou de soin \u00e0 domicile dont le co\u00fbt peut \u00eatre partiellement pris en charge par le Conseil D\u00e9partemental ou par leur Caisse de retraite.<\/p>\n<h5>T\u00e9l\u00e9-assistance<\/h5>\n<p>\u00c9galement appel\u00e9 T\u00e9l\u00e9alarme, cet outil permet\u00a0 de porter assistance aux personnes \u00e2g\u00e9es en leur permettant de donner l\u2019alerte en cas de malaise ou d\u2019incident. Il rassure par ailleurs la famille et l\u2019entourage de celle-ci. La Municipalit\u00e9 apporte une <b>participation financi\u00e8re <\/b>(soumise \u00e0 conditions de ressources) pour la mise en place de ce dispositif chez les Max\u00e9villoises et Max\u00e9villois \u00e2g\u00e9es de <b>65 ans et +.<\/b><\/p>\n<h5>Portage de repas<\/h5>\n<p><b>Avec la participation de la ville<\/b>, le service de portage de repas a \u00e9t\u00e9 cr\u00e9\u00e9 afin d&#8217;aider au maintien \u00e0 domicile des personnes \u00e2g\u00e9es, handicap\u00e9es ou malades, et dans l&#8217;impossibilit\u00e9 d\u00e9finitive ou temporaire de pr\u00e9parer leur nourriture au quotidien.<\/p>\n<p>Il est assur\u00e9, depuis 1996, par la soci\u00e9t\u00e9 <b>Saveurs Maison<\/b>. Son avantage est multiple : maintenir une alimentation \u00e9quilibr\u00e9e, rompre l\u2019isolement le temps d\u2019une visite , effectuer une veille r\u00e9guli\u00e8re de l\u2019\u00e9tat de la personne.<\/p>\n<p><em><b>Saveurs Maison<\/b> \u2013 34 rue du Gal Leclerc, Max\u00e9ville<\/em><\/p>\n<h5>Focus<\/h5>\n<p><b><i>Le maintien \u00e0 domicile avec <\/i><\/b><b>l\u2019APA<\/b><\/p>\n<p>Qu\u2019est-ce que l\u2019APA ? C&#8217;est une allocation vers\u00e9e aux personnes d\u00e9pendantes \u00e2g\u00e9es de plus de 60 ans, qui permet de financer un plan d&#8217;aide comprenant des services et des aides \u00e0 la personne en faveur de son maintien \u00e0 domicile notamment.<\/p>\n<p>Cette aide peut permettre \u00e0 une personne \u00e2g\u00e9e d\u00e9pendante de financer des heures d&#8217;aides \u00e0 domicile et donc notamment de r\u00e9mun\u00e9rer un aidant familial (en dehors de son conjoint). Cet aidant familial r\u00e9mun\u00e9r\u00e9 est donc salari\u00e9 et b\u00e9n\u00e9ficie \u00e0 ce titre de tous les droits de ce statut (droits \u00e0 la retraite, aux cong\u00e9s, au ch\u00f4mage&#8230;).<\/p>\n<p>L&#8217;APA n&#8217;est pas soumise \u00e0 conditions de ressources mais son montant varie selon le montant des revenus de la personne \u00e2g\u00e9e. Il existe un plafond de ressources au dessous duquel la personne est exon\u00e9r\u00e9e de participation et au dessus duquel une participation financi\u00e8re est calcul\u00e9e. Ce plafond est r\u00e9vis\u00e9 tous les ans.<\/p>\n<div style=\"padding-bottom:20px; padding-top:10px;\" class=\"hupso-share-buttons\"><!-- Hupso Share Buttons - https:\/\/www.hupso.com\/share\/ --><a class=\"hupso_toolbar\" href=\"https:\/\/www.hupso.com\/share\/\"><img src=\"https:\/\/static.hupso.com\/share\/buttons\/lang\/fr\/share-medium.png\" style=\"border:0px; padding-top: 5px; float:left;\" alt=\"Share Button\"\/><\/a><script type=\"text\/javascript\">var hupso_services_t=new Array();var hupso_background_t=\"#EAF4FF\";var hupso_border_t=\"#66CCFF\";var hupso_toolbar_size_t=\"medium\";var hupso_image_folder_url = \"\";var hupso_url_t=\"\";var hupso_title_t=\"Maintien%20%C3%A0%20domicile\";<\/script><script type=\"text\/javascript\" src=\"https:\/\/static.hupso.com\/share\/js\/share_toolbar.js\"><\/script><!-- Hupso Share Buttons --><\/div>","protected":false},"excerpt":{"rendered":"<p>Afin de permettre aux seniors de rester le plus longtemps possible chez eux, sans\u00a0 pour autant perdre leur confort et leur s\u00e9curit\u00e9, la municipalit\u00e9 &#8211; en partenariat avec&#8230;<\/p>\n","protected":false},"author":1,"featured_media":0,"parent":341,"menu_order":19,"comment_status":"closed","ping_status":"closed","template":"","meta":[],"_links":{"self":[{"href":"https:\/\/maxeville.fr\/index.php\/wp-json\/wp\/v2\/pages\/965"}],"collection":[{"href":"https:\/\/maxeville.fr\/index.php\/wp-json\/wp\/v2\/pages"}],"about":[{"href":"https:\/\/maxeville.fr\/index.php\/wp-json\/wp\/v2\/types\/page"}],"author":[{"embeddable":true,"href":"https:\/\/maxeville.fr\/index.php\/wp-json\/wp\/v2\/users\/1"}],"replies":[{"embeddable":true,"href":"https:\/\/maxeville.fr\/index.php\/wp-json\/wp\/v2\/comments?post=965"}],"version-history":[{"count":9,"href":"https:\/\/maxeville.fr\/index.php\/wp-json\/wp\/v2\/pages\/965\/revisions"}],"predecessor-version":[{"id":6808,"href":"https:\/\/maxeville.fr\/index.php\/wp-json\/wp\/v2\/pages\/965\/revisions\/6808"}],"up":[{"embeddable":true,"href":"https:\/\/maxeville.fr\/index.php\/wp-json\/wp\/v2\/pages\/341"}],"wp:attachment":[{"href":"https:\/\/maxeville.fr\/index.php\/wp-json\/wp\/v2\/media?parent=965"}],"curies":[{"name":"wp","href":"https:\/\/api.w.org\/{rel}","templated":true}]}}