{"id":967,"date":"2016-09-15T14:25:36","date_gmt":"2016-09-15T12:25:36","guid":{"rendered":"http:\/\/www.maxeville.fr\/?page_id=967"},"modified":"2024-11-15T15:56:48","modified_gmt":"2024-11-15T14:56:48","slug":"aide-a-la-vie-quotidienne","status":"publish","type":"page","link":"https:\/\/maxeville.fr\/index.php\/ma-famille\/aide-a-la-vie-quotidienne\/","title":{"rendered":"Aide \u00e0 la vie quotidienne"},"content":{"rendered":"<hr \/>\n<p><span style=\"color: #808080;\">Avec le prolongement significatif de la dur\u00e9e moyenne de la vie et l&#8217;arriv\u00e9e \u00e0 la retraite des enfants du \u00ab baby boom \u00bb, le nombre des personnes \u00e2g\u00e9es plus de 60 ans va consid\u00e9rablement augmenter : avant 2050, les plus de 60 ans seront plus nombreux que les moins de 15 ans ; les plus de 85 ans augmenteront de plus de 60 % dans les dix prochaines ann\u00e9es.<\/span><\/p>\n<h5>Le logement<\/h5>\n<p><span style=\"color: #808080;\">La colocation entre seniors ou entre un senior et un jeune, permet de pr\u00e9venir la solitude, l\u2019isolement et donc de permettre aux colocataires de rester autonome plus longtemps\u00a0! \u00a0Les derni\u00e8res \u00e9tudes r\u00e9alis\u00e9es en France comme en Europe, d\u00e9montrent que vivre seul(e) a des impacts n\u00e9gatifs sur l\u2019autonomie (Diminution de l\u2019esp\u00e9rance de vie, favorise les maladies cardio-vasculaires, acc\u00e9l\u00e9ration de la perte d\u2019autonomie, etc.). En outre, la colocation permet de faire de vraies \u00e9conomies. Face \u00e0 des retraites de bases de plus en plus faibles et \u00e0 un pouvoir d\u2019achat en berne, la mutualisation du budget logement est une solution (le budget logement est le premier poste de d\u00e9pense des personnes retrait\u00e9es).<\/span><\/p>\n<p><span style=\"color: #808080;\"><b>Associations \u00ab\u00a0Un toit 2 g\u00e9n\u00e9rations<\/b>\u00bb <b>et \u00ab\u00a0Un toit partag\u00e9\u00a0\u00bb :<\/b><\/span><br \/>\n<span style=\"color: #808080;\">Seule condition : avoir 55 ans et plus.<\/span><br \/>\n<span style=\"color: #808080;\"><a style=\"color: #808080;\" href=\"http:\/\/untoitpartage.fr\">www.<\/a><a style=\"color: #808080;\" href=\"http:\/\/untoitpartage.fr\">untoitpartage.fr<br \/>\n<\/a><a style=\"color: #808080;\" href=\"http:\/\/www.untoit2generations.fr\">www.untoit2generations.fr<\/a><\/span><\/p>\n<h5>Le transport<\/h5>\n<p><span style=\"color: #808080;\">Autre soutien avantageux \u00e0 l\u2019\u00e9gard des Personnes \u00e2g\u00e9es de Max\u00e9ville : les titres de transport : Symphonie Pass + M\u00e9lodie Pass\u2026 (\u00e0 condition de ne pas \u00eatre imposable), qui encouragent des d\u00e9placements \u00e0 moindre co\u00fbt. Sont \u00e9ligibles les habitants de la commune de + de 65 ans.<\/span><\/p>\n<h5>La distribution de colis<\/h5>\n<p><span style=\"color: #808080;\">Chaque No\u00ebl, pour les 70 ans et +,\u00a0 un colis gourmand ou 1 bon d\u2019achat ou 1 ballotin de chocolat (au choix) d\u2019une valeur de 17\u20ac. Pour ce faire, r\u00e9sider Max\u00e9ville ou dans une maison de retraite de la commune.<\/span><\/p>\n<div style=\"padding-bottom:20px; padding-top:10px;\" class=\"hupso-share-buttons\"><!-- Hupso Share Buttons - https:\/\/www.hupso.com\/share\/ --><a class=\"hupso_toolbar\" href=\"https:\/\/www.hupso.com\/share\/\"><img src=\"https:\/\/static.hupso.com\/share\/buttons\/lang\/fr\/share-medium.png\" style=\"border:0px; padding-top: 5px; float:left;\" alt=\"Share Button\"\/><\/a><script type=\"text\/javascript\">var hupso_services_t=new Array();var hupso_background_t=\"#EAF4FF\";var hupso_border_t=\"#66CCFF\";var hupso_toolbar_size_t=\"medium\";var hupso_image_folder_url = \"\";var hupso_url_t=\"\";var hupso_title_t=\"Aide%20%C3%A0%20la%20vie%20quotidienne\";<\/script><script type=\"text\/javascript\" src=\"https:\/\/static.hupso.com\/share\/js\/share_toolbar.js\"><\/script><!-- Hupso Share Buttons --><\/div>","protected":false},"excerpt":{"rendered":"<p>Avec le prolongement significatif de la dur\u00e9e moyenne de la vie et l&#8217;arriv\u00e9e \u00e0 la retraite des enfants du \u00ab baby boom \u00bb, le nombre des personnes \u00e2g\u00e9es&#8230;<\/p>\n","protected":false},"author":1,"featured_media":0,"parent":341,"menu_order":23,"comment_status":"closed","ping_status":"closed","template":"","meta":[],"_links":{"self":[{"href":"https:\/\/maxeville.fr\/index.php\/wp-json\/wp\/v2\/pages\/967"}],"collection":[{"href":"https:\/\/maxeville.fr\/index.php\/wp-json\/wp\/v2\/pages"}],"about":[{"href":"https:\/\/maxeville.fr\/index.php\/wp-json\/wp\/v2\/types\/page"}],"author":[{"embeddable":true,"href":"https:\/\/maxeville.fr\/index.php\/wp-json\/wp\/v2\/users\/1"}],"replies":[{"embeddable":true,"href":"https:\/\/maxeville.fr\/index.php\/wp-json\/wp\/v2\/comments?post=967"}],"version-history":[{"count":9,"href":"https:\/\/maxeville.fr\/index.php\/wp-json\/wp\/v2\/pages\/967\/revisions"}],"predecessor-version":[{"id":17038,"href":"https:\/\/maxeville.fr\/index.php\/wp-json\/wp\/v2\/pages\/967\/revisions\/17038"}],"up":[{"embeddable":true,"href":"https:\/\/maxeville.fr\/index.php\/wp-json\/wp\/v2\/pages\/341"}],"wp:attachment":[{"href":"https:\/\/maxeville.fr\/index.php\/wp-json\/wp\/v2\/media?parent=967"}],"curies":[{"name":"wp","href":"https:\/\/api.w.org\/{rel}","templated":true}]}}