{"id":9718,"date":"2021-02-01T10:15:17","date_gmt":"2021-02-01T09:15:17","guid":{"rendered":"http:\/\/maxeville.fr\/?page_id=9718"},"modified":"2021-03-03T10:47:37","modified_gmt":"2021-03-03T09:47:37","slug":"deambulations","status":"publish","type":"page","link":"https:\/\/maxeville.fr\/index.php\/deambulations\/","title":{"rendered":"D\u00e9ambulations"},"content":{"rendered":"\n<blockquote class=\"wp-block-quote\"><p>Elus et services municipaux \u00e0 la rencontre des habitants<\/p><\/blockquote>\n\n\n\n<p>Avec les services de la Ville, le Maire et son \u00e9quipe municipale ont repris les d\u00e9ambulations au mois de septembre 2020. De mani\u00e8re tr\u00e8s concr\u00e8te, les probl\u00e8mes sont ainsi identifi\u00e9s, des r\u00e9ponses et des solutions sont apport\u00e9es.<br>Parfois, les probl\u00e8mes soulev\u00e9s n\u00e9cessitent un temps de r\u00e9ponse plus long car leur r\u00e9solution ne rel\u00e8ve pas des comp\u00e9tences de la Ville mais d\u2019autres acteurs comme la M\u00e9tropole du Grand Nancy (MGN) ou les bailleurs.         Les services municipaux se font alors le relai aupr\u00e8s de ces derniers.<br>Un projet peut \u00e9galement faire l\u2019objet d\u2019une concertation plus importante avant de trouver une solution partag\u00e9e par le plus grand nombre ou faire l\u2019objet d\u2019une inscription budg\u00e9taire sp\u00e9cifique qui n\u2019\u00e9tait pas pr\u00e9vue.<\/p>\n\n\n\n<hr class=\"wp-block-separator\"\/>\n\n\n\n<p><strong>Exemples de points abord\u00e9s sur le quartier des Aulnes :<\/strong><\/p>\n\n\n\n<ul><li>Les voitures \u00ab tampons \u00bb : en r\u00e9ponse, la police municipale a mis en place une op\u00e9ration d\u2019enl\u00e8vement de v\u00e9hicules en stationnement abusif le 8 octobre; <\/li><li>Les voitures sans assurance : d\u00e8s le lendemain de la d\u00e9ambulation, la police municipale a proc\u00e9d\u00e9 au contr\u00f4le de la validit\u00e9 des certificats d&#8217;assurance des v\u00e9hicules stationn\u00e9s;<\/li><li> La MGN va \u00eatre saisie concernant une flaque qui se forme derri\u00e8re le b\u00e2timent \u00e0 hauteur du petit parc en temps de pluie<\/li><li>La table pr\u00e8s du city stade est \u00e0 changer\u2026<\/li><\/ul>\n<div style=\"padding-bottom:20px; padding-top:10px;\" class=\"hupso-share-buttons\"><!-- Hupso Share Buttons - https:\/\/www.hupso.com\/share\/ --><a class=\"hupso_toolbar\" href=\"https:\/\/www.hupso.com\/share\/\"><img src=\"https:\/\/static.hupso.com\/share\/buttons\/lang\/fr\/share-medium.png\" style=\"border:0px; padding-top: 5px; float:left;\" alt=\"Share Button\"\/><\/a><script type=\"text\/javascript\">var hupso_services_t=new Array();var hupso_background_t=\"#EAF4FF\";var hupso_border_t=\"#66CCFF\";var hupso_toolbar_size_t=\"medium\";var hupso_image_folder_url = \"\";var hupso_url_t=\"\";var hupso_title_t=\"D%C3%A9ambulations\";<\/script><script type=\"text\/javascript\" src=\"https:\/\/static.hupso.com\/share\/js\/share_toolbar.js\"><\/script><!-- Hupso Share Buttons --><\/div>","protected":false},"excerpt":{"rendered":"<p>Elus et services municipaux \u00e0 la rencontre des habitants Avec les services de la Ville, le Maire et son \u00e9quipe municipale ont repris les d\u00e9ambulations au mois de&#8230;<\/p>\n","protected":false},"author":1,"featured_media":9721,"parent":0,"menu_order":0,"comment_status":"closed","ping_status":"closed","template":"","meta":[],"_links":{"self":[{"href":"https:\/\/maxeville.fr\/index.php\/wp-json\/wp\/v2\/pages\/9718"}],"collection":[{"href":"https:\/\/maxeville.fr\/index.php\/wp-json\/wp\/v2\/pages"}],"about":[{"href":"https:\/\/maxeville.fr\/index.php\/wp-json\/wp\/v2\/types\/page"}],"author":[{"embeddable":true,"href":"https:\/\/maxeville.fr\/index.php\/wp-json\/wp\/v2\/users\/1"}],"replies":[{"embeddable":true,"href":"https:\/\/maxeville.fr\/index.php\/wp-json\/wp\/v2\/comments?post=9718"}],"version-history":[{"count":4,"href":"https:\/\/maxeville.fr\/index.php\/wp-json\/wp\/v2\/pages\/9718\/revisions"}],"predecessor-version":[{"id":9878,"href":"https:\/\/maxeville.fr\/index.php\/wp-json\/wp\/v2\/pages\/9718\/revisions\/9878"}],"wp:featuredmedia":[{"embeddable":true,"href":"https:\/\/maxeville.fr\/index.php\/wp-json\/wp\/v2\/media\/9721"}],"wp:attachment":[{"href":"https:\/\/maxeville.fr\/index.php\/wp-json\/wp\/v2\/media?parent=9718"}],"curies":[{"name":"wp","href":"https:\/\/api.w.org\/{rel}","templated":true}]}}