{"id":973,"date":"2016-09-15T14:33:40","date_gmt":"2016-09-15T12:33:40","guid":{"rendered":"http:\/\/www.maxeville.fr\/?page_id=973"},"modified":"2022-11-15T17:09:44","modified_gmt":"2022-11-15T16:09:44","slug":"ccas","status":"publish","type":"page","link":"https:\/\/maxeville.fr\/index.php\/ma-famille\/ccas\/","title":{"rendered":"CCAS"},"content":{"rendered":"<hr \/>\n<h5>Centre Communal d&#8217;Action Sociale (C.C.A.S.)<\/h5>\n<p>Chaque Max\u00e9villois\u00a0 peut , \u00e0 un moment donn\u00e9, \u00eatre fragilis\u00e9 dans son parcours de vie.<\/p>\n<p>Ainsi, Le CCAS de Max\u00e9ville propose diff\u00e9rentes aides aux personnes rencontrant des difficult\u00e9s li\u00e9es \u00e0 l\u2019\u00e2ge, au handicap, \u00e0 l\u2019isolement, \u00e0 l\u2019insertion ou encore \u00e0 la sant\u00e9.<\/p>\n<ul>\n<li>Mise en place d\u2019une politique de pr\u00e9vention et de d\u00e9veloppement social, et dans ce cadre l\u2019instruction des demandes d\u2019aides sociales.<\/li>\n<li>\u00c9laboration de l\u2019analyse des besoins sociaux (Connaissance et Suivi des personnes en difficult\u00e9s).<\/li>\n<li>D\u00e9ploiement d\u2019aides facultatives en soutien \u00e0 l\u2019accompagnement social (Bons alimentaires, Aides financi\u00e8res sur factures \u00e9nerg\u00e9tiques, Aide \u00e0 l\u2019achat d\u2019\u00e9lectrom\u00e9nager, ..).<br \/>\nPour faire cette demande, vous devez prendre rendez-vous avec un r\u00e9f\u00e9rant social. Un <i>dossier de demande est constitu\u00e9 sur pr\u00e9sentation de tous les justificatifs (identit\u00e9, revenus.<\/i><\/li>\n<li>D\u00e9veloppement d\u2019outils d\u2019accompagnement (\u00e9picerie solidaire).<\/li>\n<\/ul>\n<h5>Le CCAS : Comment \u00e7a marche ?<\/h5>\n<p>Le CCAS est g\u00e9r\u00e9 par un conseil d\u2019administration, pr\u00e9sid\u00e9 par le maire et compos\u00e9, \u00e0 part \u00e9gale, de membres \u00e9lus par le conseil municipal et de membres de la soci\u00e9t\u00e9 civile d\u00e9sign\u00e9s par le maire.<\/p>\n<p>Dans son Budget 2016 et dans un contexte de forte crise sociale, La municipalit\u00e9\u00a0 poursuit son effort et renouvelle son soutien \u00e0 l\u2019action du C.C.A.S. en lui allouant une subvention de 57.000 \u20ac et en envisageant l\u2019investissement dans\u00a0 un logiciel de gestion.<\/p>\n<p>Deux points d\u2019accueil sont \u00e0 votre service, sur rendez-vous :<\/p>\n<ul>\n<li>La <strong>Maison du Lien et de la Solidarit\u00e9<\/strong> 1 rue de la R\u00e9publique (t\u00e9l. 03 57 80 06 96)<\/li>\n<li>au <strong>P\u00f4le Action Sociale de Champ-le-B\u0153uf<\/strong><br \/>\n2 rue de la Crusnes (t\u00e9l. 03 83 98 91 92)<\/li>\n<\/ul>\n<h5>Les actions collectives th\u00e9matiques<\/h5>\n<p>L\u2019accompagnement social individuel concerne une multitude de choses de la vie quotidienne. Qu\u2019il s\u2019agisse du logement, de la sant\u00e9, de l\u2019\u00e9nergie ou bien encore du budget de la famille,\u00a0 Il est souvent difficile de tout ma\u00eetriser et de comprendre. Aussi, d\u00e8s lors que des questions identiques deviennent r\u00e9currentes dans plusieurs foyers, il devient n\u00e9cessaire d\u2019\u0153uvrer avec les familles elles-m\u00eames via des actions collectives, et au travers de r\u00e9unions participatives.<\/p>\n<p><strong>Exemples d\u2019actions collectives\u00a0 \u00e0 Max\u00e9ville :<\/strong><\/p>\n<ul>\n<li>Les \u00e9nergies (Electricit\u00e9, gaz, eau)<\/li>\n<li>La consommation<\/li>\n<li>La sant\u00e9<\/li>\n<\/ul>\n<h5>Les Aides aux familles \/ Droits et d\u00e9marches<\/h5>\n<ul>\n<li>Le revenu de solidarit\u00e9 active (RSA) assure aux personnes sans ressources ou disposant de faibles ressources un niveau minimum de revenu variable selon la composition du foyer. Le RSA est ouvert, sous certaines conditions, aux personnes \u00e2g\u00e9es d\u2019au moins 25 ans et aux personnes \u00e2g\u00e9es de 18 \u00e0 24 ans si elles sont parents isol\u00e9s ou justifient d\u2019une certaine dur\u00e9e d\u2019activit\u00e9 professionnelle.<\/li>\n<li>L\u2019allocation temporaire d\u2019attente (ATA) est une allocation vers\u00e9e \u00e0 certaines cat\u00e9gories d\u2019\u00e9trangers et de personnes en attente de r\u00e9insertion. Il n&#8217;est plus possible de faire de demande d&#8217;ATA depuis le 01\/09\/2017. Seuls les b\u00e9n\u00e9ficiaires avant le 01\/09 peuvent encore toucher cette allocation.<\/li>\n<\/ul>\n<h5>Les Partenaires sociaux<\/h5>\n<h3>La Caisse d\u2019Allocations Familiales<\/h3>\n<p>Pour gagner du temps, et en fonction de la demande,<br \/>\nles allocataires ont le choix entre plusieurs modes de contact :<\/p>\n<ul>\n<li>par t\u00e9l\u00e9phone au 0810 25 54 10 (service 0,06 \u20ac\/min + prix appel) du lundi au vendredi de 9h \u00e0 16h30<\/li>\n<li>par <a href=\"http:\/\/www.caf.fr\/redirect\/redirect.php?page=maCafContactCaf\">courriel<\/a> (pour une r\u00e9ponse personnalis\u00e9e par messagerie \u00e9lectronique)<\/li>\n<li>par courrier (si l\u2019allocataire ne dispose pas d\u2019une adresse m\u00e9l)<\/li>\n<li>dans un <a href=\"http:\/\/www.caf.fr\/ma-caf\/caf-des-cotes-d-armor\/points-d-accueil\">point d\u2019accueil<\/a> (si la situation n\u00e9cessite un accompagnement personnalis\u00e9)<\/li>\n<\/ul>\n<p>Renseignements sur <a href=\"http:\/\/www.caf.fr\/\">www.caf.fr<\/a><\/p>\n<div style=\"padding-bottom:20px; padding-top:10px;\" class=\"hupso-share-buttons\"><!-- Hupso Share Buttons - https:\/\/www.hupso.com\/share\/ --><a class=\"hupso_toolbar\" href=\"https:\/\/www.hupso.com\/share\/\"><img src=\"https:\/\/static.hupso.com\/share\/buttons\/lang\/fr\/share-medium.png\" style=\"border:0px; padding-top: 5px; float:left;\" alt=\"Share Button\"\/><\/a><script type=\"text\/javascript\">var hupso_services_t=new Array();var hupso_background_t=\"#EAF4FF\";var hupso_border_t=\"#66CCFF\";var hupso_toolbar_size_t=\"medium\";var hupso_image_folder_url = \"\";var hupso_url_t=\"\";var hupso_title_t=\"CCAS\";<\/script><script type=\"text\/javascript\" src=\"https:\/\/static.hupso.com\/share\/js\/share_toolbar.js\"><\/script><!-- Hupso Share Buttons --><\/div>","protected":false},"excerpt":{"rendered":"<p>Centre Communal d&#8217;Action Sociale (C.C.A.S.) Chaque Max\u00e9villois\u00a0 peut , \u00e0 un moment donn\u00e9, \u00eatre fragilis\u00e9 dans son parcours de vie. Ainsi, Le CCAS de Max\u00e9ville propose diff\u00e9rentes aides&#8230;<\/p>\n","protected":false},"author":1,"featured_media":0,"parent":341,"menu_order":16,"comment_status":"closed","ping_status":"closed","template":"","meta":[],"_links":{"self":[{"href":"https:\/\/maxeville.fr\/index.php\/wp-json\/wp\/v2\/pages\/973"}],"collection":[{"href":"https:\/\/maxeville.fr\/index.php\/wp-json\/wp\/v2\/pages"}],"about":[{"href":"https:\/\/maxeville.fr\/index.php\/wp-json\/wp\/v2\/types\/page"}],"author":[{"embeddable":true,"href":"https:\/\/maxeville.fr\/index.php\/wp-json\/wp\/v2\/users\/1"}],"replies":[{"embeddable":true,"href":"https:\/\/maxeville.fr\/index.php\/wp-json\/wp\/v2\/comments?post=973"}],"version-history":[{"count":20,"href":"https:\/\/maxeville.fr\/index.php\/wp-json\/wp\/v2\/pages\/973\/revisions"}],"predecessor-version":[{"id":12896,"href":"https:\/\/maxeville.fr\/index.php\/wp-json\/wp\/v2\/pages\/973\/revisions\/12896"}],"up":[{"embeddable":true,"href":"https:\/\/maxeville.fr\/index.php\/wp-json\/wp\/v2\/pages\/341"}],"wp:attachment":[{"href":"https:\/\/maxeville.fr\/index.php\/wp-json\/wp\/v2\/media?parent=973"}],"curies":[{"name":"wp","href":"https:\/\/api.w.org\/{rel}","templated":true}]}}