{"id":977,"date":"2016-09-15T14:33:46","date_gmt":"2016-09-15T12:33:46","guid":{"rendered":"http:\/\/www.maxeville.fr\/?page_id=977"},"modified":"2017-11-29T10:57:36","modified_gmt":"2017-11-29T09:57:36","slug":"service-emploi","status":"publish","type":"page","link":"https:\/\/maxeville.fr\/index.php\/ma-famille\/service-emploi\/","title":{"rendered":"Service Emploi"},"content":{"rendered":"<hr \/>\n<h5>Accompagnement Adultes + de 26 ans<\/h5>\n<h3>Le Service Emploi \/ La Maison de l\u2019Emploi (MDE)<\/h3>\n<p>Vous souhaitez \u00eatre conseill\u00e9 et\/ou accompagn\u00e9 dans vos d\u00e9marches de recherche d\u2019emploi ou de Formation ?<br \/>\nLa Mairie de Max\u00e9ville a d\u00e9velopp\u00e9 autour \u00a0de Conseillers en Insertion Professionnelle , un r\u00e9seau de partenaires locaux, institutionnels ou associatifs.<\/p>\n<p><strong>Comment \u00e7a marche ?<\/strong><\/p>\n<p>Lors d\u2019un premier entretien, et avec votre concours, un Conseiller en Insertion professionnelle (que l\u2019on appelle \u00e9galement \u00ab\u00a0Correspondant de parcours territorialis\u00e9\u00a0\u00bb),\u00a0 vous permettra de mettre en \u00e9vidence vos qualit\u00e9s et vos faiblesses ainsi que les freins possibles \u00e0 votre retour \u00e0 l\u2019Emploi.<br \/>\nVous retracerez avec lui les diff\u00e9rentes techniques de recherche d\u2019Emploi (T.R.E.) telles que : Mise en page d\u2019un CV, R\u00e9daction \u00a0d\u2019une Lettre de motivation, Pr\u00e9paration \u00e0 un entretien d\u2019embauche, etc.<\/p>\n<p>Votre demande pourra donner suite \u00e0 un <strong>suivi individualis\u00e9 <\/strong>et, le cas \u00e9ch\u00e9ant, vous rencontrerez votre Conseiller autant de fois que n\u00e9cessaire. Il aura en charge de vous proposer, gr\u00e2ce aux sources et aux offres dont il dispose &#8211; au choix et selon votre profil : un Contrat aid\u00e9 (CDDI), un Chantier d\u2019insertion, une Formation ; il pourra \u00e9galement appuyer une candidature pour un poste sur lequel il aura jug\u00e9 pertinent de vous positionner.<br \/>\nBref, il aura \u00e0 c\u0153ur de vous (re)socialiser.<\/p>\n<hr \/>\n<p><strong>Maison de l&#8217;Emploi du Grand Nancy<\/strong><br \/>\n88 Avenue du XX<sup>e<\/sup> Corps<br \/>\nBP 90657 &#8211; 54063 NANCY CEDEX<br \/>\n<a href=\"http:\/\/www.mde-nancy.org\/\" target=\"_blank\">mde-nancy.org<\/a> &#8211; <a href=\"https:\/\/www.facebook.com\/mdenancy\" target=\"_blank\">mdenancy<\/a> &#8211; <a href=\"https:\/\/www.facebook.com\/mlgrandnancy\/\" target=\"_blank\">mlgrandnancy<\/a><\/p>\n<div style=\"padding-bottom:20px; padding-top:10px;\" class=\"hupso-share-buttons\"><!-- Hupso Share Buttons - https:\/\/www.hupso.com\/share\/ --><a class=\"hupso_toolbar\" href=\"https:\/\/www.hupso.com\/share\/\"><img src=\"https:\/\/static.hupso.com\/share\/buttons\/lang\/fr\/share-medium.png\" style=\"border:0px; padding-top: 5px; float:left;\" alt=\"Share Button\"\/><\/a><script type=\"text\/javascript\">var hupso_services_t=new Array();var hupso_background_t=\"#EAF4FF\";var hupso_border_t=\"#66CCFF\";var hupso_toolbar_size_t=\"medium\";var hupso_image_folder_url = \"\";var hupso_url_t=\"\";var hupso_title_t=\"Service%20Emploi\";<\/script><script type=\"text\/javascript\" src=\"https:\/\/static.hupso.com\/share\/js\/share_toolbar.js\"><\/script><!-- Hupso Share Buttons --><\/div>","protected":false},"excerpt":{"rendered":"<p>Accompagnement Adultes + de 26 ans Le Service Emploi \/ La Maison de l\u2019Emploi (MDE) Vous souhaitez \u00eatre conseill\u00e9 et\/ou accompagn\u00e9 dans vos d\u00e9marches de recherche d\u2019emploi ou&#8230;<\/p>\n","protected":false},"author":1,"featured_media":0,"parent":341,"menu_order":12,"comment_status":"closed","ping_status":"closed","template":"","meta":[],"_links":{"self":[{"href":"https:\/\/maxeville.fr\/index.php\/wp-json\/wp\/v2\/pages\/977"}],"collection":[{"href":"https:\/\/maxeville.fr\/index.php\/wp-json\/wp\/v2\/pages"}],"about":[{"href":"https:\/\/maxeville.fr\/index.php\/wp-json\/wp\/v2\/types\/page"}],"author":[{"embeddable":true,"href":"https:\/\/maxeville.fr\/index.php\/wp-json\/wp\/v2\/users\/1"}],"replies":[{"embeddable":true,"href":"https:\/\/maxeville.fr\/index.php\/wp-json\/wp\/v2\/comments?post=977"}],"version-history":[{"count":15,"href":"https:\/\/maxeville.fr\/index.php\/wp-json\/wp\/v2\/pages\/977\/revisions"}],"predecessor-version":[{"id":3493,"href":"https:\/\/maxeville.fr\/index.php\/wp-json\/wp\/v2\/pages\/977\/revisions\/3493"}],"up":[{"embeddable":true,"href":"https:\/\/maxeville.fr\/index.php\/wp-json\/wp\/v2\/pages\/341"}],"wp:attachment":[{"href":"https:\/\/maxeville.fr\/index.php\/wp-json\/wp\/v2\/media?parent=977"}],"curies":[{"name":"wp","href":"https:\/\/api.w.org\/{rel}","templated":true}]}}