{"id":979,"date":"2016-09-15T14:33:48","date_gmt":"2016-09-15T12:33:48","guid":{"rendered":"http:\/\/www.maxeville.fr\/?page_id=979"},"modified":"2017-10-30T15:49:14","modified_gmt":"2017-10-30T14:49:14","slug":"conseil-citoyen","status":"publish","type":"page","link":"https:\/\/maxeville.fr\/index.php\/ma-ville\/conseil-citoyen\/","title":{"rendered":"Conseil citoyen"},"content":{"rendered":"<hr \/>\n<h5>Le Conseil citoyen : c\u2019est quoi au juste ?<\/h5>\n<p>Dans le cadre du contrat de ville, un Conseil citoyen existe en faveur des quartiers prioritaires.<\/p>\n<p>Il garantit la place des habitants dans toutes les instances de pilotage de la Politique de la ville, tout en allant dans le sens de l\u2019int\u00e9r\u00eat g\u00e9n\u00e9ral.<\/p>\n<p>Avec l\u2019ensemble des acteurs du quartier et les \u00e9lus, il participe pleinement aux d\u00e9cisions entourant chaque \u00e9tape de la r\u00e9alisation du contrat de ville. Qu\u2019il s\u2019agisse des projets d\u2019urbanisme, d\u2019habitat, d\u2019emploi, d\u2019\u00e9ducation, de sant\u00e9\u2026 son r\u00f4le concerne tous les aspects de la vie de son quartier.<\/p>\n<h5>Quel r\u00f4le a t-il \u00e0 jouer ?<\/h5>\n<p>Il permet de r\u00e9fl\u00e9chir ensemble, en cr\u00e9ant un espace de propositions et d\u2019initiatives en lien avec les besoins de la population. C\u2019est l\u00e0 que vont\u00a0 \u00e9merger\u00a0 toutes sortes d\u2019id\u00e9es qui donneront les projets de demain. Bref, il permet de\u00a0 construire une action collective.<\/p>\n<p>L\u2019habitant n\u2019est plus seulement un locataire ou un usager, Il est aussi un \u00eatre social qui collecte et diffuse des informations.<\/p>\n<h5>Comment \u00e7a marche ?<\/h5>\n<p><strong>\u00catre conseiller-citoyen c\u2019est devenir acteur de son quartier et\u00ab co-d\u00e9cideur \u00bb.<\/strong><\/p>\n<p>Vous pouvez, en tant qu\u2019habitant d\u2019un quartier prioritaire politique de la ville de Max\u00e9ville, exercer son action en toute ind\u00e9pendance et vous inscrire dans le respect des valeurs de libert\u00e9, d\u2019\u00e9galit\u00e9, de\u00a0 fraternit\u00e9 , de la\u00efcit\u00e9 et de neutralit\u00e9. Un conseil citoyen doit avoir un statut qui l\u2019autorise \u00e0 g\u00e9rer un budget propre et \u00e0 contractualiser avec des acteurs institutionnels locaux. Les Conseils citoyens se r\u00e9unissent et d\u00e9cident de la p\u00e9riodicit\u00e9\u00a0 des rencontres (au minimum, une fois par trimestre).<\/p>\n<div style=\"padding-bottom:20px; padding-top:10px;\" class=\"hupso-share-buttons\"><!-- Hupso Share Buttons - https:\/\/www.hupso.com\/share\/ --><a class=\"hupso_toolbar\" href=\"https:\/\/www.hupso.com\/share\/\"><img src=\"https:\/\/static.hupso.com\/share\/buttons\/lang\/fr\/share-medium.png\" style=\"border:0px; padding-top: 5px; float:left;\" alt=\"Share Button\"\/><\/a><script type=\"text\/javascript\">var hupso_services_t=new Array();var hupso_background_t=\"#EAF4FF\";var hupso_border_t=\"#66CCFF\";var hupso_toolbar_size_t=\"medium\";var hupso_image_folder_url = \"\";var hupso_url_t=\"\";var hupso_title_t=\"Conseil%20citoyen\";<\/script><script type=\"text\/javascript\" src=\"https:\/\/static.hupso.com\/share\/js\/share_toolbar.js\"><\/script><!-- Hupso Share Buttons --><\/div>","protected":false},"excerpt":{"rendered":"<p>Le Conseil citoyen : c\u2019est quoi au juste ? Dans le cadre du contrat de ville, un Conseil citoyen existe en faveur des quartiers prioritaires. Il garantit la&#8230;<\/p>\n","protected":false},"author":1,"featured_media":0,"parent":73,"menu_order":28,"comment_status":"closed","ping_status":"closed","template":"","meta":[],"_links":{"self":[{"href":"https:\/\/maxeville.fr\/index.php\/wp-json\/wp\/v2\/pages\/979"}],"collection":[{"href":"https:\/\/maxeville.fr\/index.php\/wp-json\/wp\/v2\/pages"}],"about":[{"href":"https:\/\/maxeville.fr\/index.php\/wp-json\/wp\/v2\/types\/page"}],"author":[{"embeddable":true,"href":"https:\/\/maxeville.fr\/index.php\/wp-json\/wp\/v2\/users\/1"}],"replies":[{"embeddable":true,"href":"https:\/\/maxeville.fr\/index.php\/wp-json\/wp\/v2\/comments?post=979"}],"version-history":[{"count":14,"href":"https:\/\/maxeville.fr\/index.php\/wp-json\/wp\/v2\/pages\/979\/revisions"}],"predecessor-version":[{"id":2437,"href":"https:\/\/maxeville.fr\/index.php\/wp-json\/wp\/v2\/pages\/979\/revisions\/2437"}],"up":[{"embeddable":true,"href":"https:\/\/maxeville.fr\/index.php\/wp-json\/wp\/v2\/pages\/73"}],"wp:attachment":[{"href":"https:\/\/maxeville.fr\/index.php\/wp-json\/wp\/v2\/media?parent=979"}],"curies":[{"name":"wp","href":"https:\/\/api.w.org\/{rel}","templated":true}]}}