{"id":98,"date":"2016-04-01T11:10:00","date_gmt":"2016-04-01T13:10:00","guid":{"rendered":"http:\/\/www.maxeville.fr\/?page_id=98"},"modified":"2017-10-30T15:08:21","modified_gmt":"2017-10-30T14:08:21","slug":"plan-de-maxeville","status":"publish","type":"page","link":"https:\/\/maxeville.fr\/index.php\/ma-ville\/plan-de-maxeville\/","title":{"rendered":"Plan de Max\u00e9ville"},"content":{"rendered":"<h5>Max\u00e9ville pratique<\/h5>\n<p>Au recto, une face classique avec le lexique des noms de rues.<\/p>\n<p><img decoding=\"async\" loading=\"lazy\" class=\"size-wcbig wp-image-2366 aligncenter\" src=\"http:\/\/www.maxeville.fr\/wp-content\/uploads\/2017\/10\/plan_recto-800x560.jpg\" alt=\"plan_recto\" width=\"620\" height=\"434\" srcset=\"https:\/\/maxeville.fr\/wp-content\/uploads\/2017\/10\/plan_recto-800x560.jpg 800w, https:\/\/maxeville.fr\/wp-content\/uploads\/2017\/10\/plan_recto-300x210.jpg 300w, https:\/\/maxeville.fr\/wp-content\/uploads\/2017\/10\/plan_recto-768x538.jpg 768w, https:\/\/maxeville.fr\/wp-content\/uploads\/2017\/10\/plan_recto-973x681.jpg 973w, https:\/\/maxeville.fr\/wp-content\/uploads\/2017\/10\/plan_recto-508x356.jpg 508w, https:\/\/maxeville.fr\/wp-content\/uploads\/2017\/10\/plan_recto-250x175.jpg 250w, https:\/\/maxeville.fr\/wp-content\/uploads\/2017\/10\/plan_recto-550x385.jpg 550w, https:\/\/maxeville.fr\/wp-content\/uploads\/2017\/10\/plan_recto-257x180.jpg 257w, https:\/\/maxeville.fr\/wp-content\/uploads\/2017\/10\/plan_recto-429x300.jpg 429w, https:\/\/maxeville.fr\/wp-content\/uploads\/2017\/10\/plan_recto-714x500.jpg 714w, https:\/\/maxeville.fr\/wp-content\/uploads\/2017\/10\/plan_recto-24x17.jpg 24w, https:\/\/maxeville.fr\/wp-content\/uploads\/2017\/10\/plan_recto-36x25.jpg 36w, https:\/\/maxeville.fr\/wp-content\/uploads\/2017\/10\/plan_recto-48x34.jpg 48w, https:\/\/maxeville.fr\/wp-content\/uploads\/2017\/10\/plan_recto.jpg 1000w\" sizes=\"(max-width: 620px) 100vw, 620px\" \/><\/p>\n<h5>Max\u00e9ville atypique<\/h5>\n<p>Au verso, la ville est d\u00e9coup\u00e9e en quatre quartiers distincts : Max\u00e9ville Centre, Meurthe-Canal, Les Aulnes et Champ-le-B\u0153uf. On y retrouve les principales infrastructures ainsi qu&#8217;une pr\u00e9sentation de lieux atypiques moins connus, qui font de Max\u00e9ville une ville si particuli\u00e8re.<\/p>\n<p><img decoding=\"async\" loading=\"lazy\" class=\"size-wcbig wp-image-2365 aligncenter\" src=\"http:\/\/www.maxeville.fr\/wp-content\/uploads\/2017\/10\/plan_verso-800x561.jpg\" alt=\"plan_verso\" width=\"620\" height=\"435\" srcset=\"https:\/\/maxeville.fr\/wp-content\/uploads\/2017\/10\/plan_verso-800x561.jpg 800w, https:\/\/maxeville.fr\/wp-content\/uploads\/2017\/10\/plan_verso-300x210.jpg 300w, https:\/\/maxeville.fr\/wp-content\/uploads\/2017\/10\/plan_verso-768x539.jpg 768w, https:\/\/maxeville.fr\/wp-content\/uploads\/2017\/10\/plan_verso-1024x718.jpg 1024w, https:\/\/maxeville.fr\/wp-content\/uploads\/2017\/10\/plan_verso-973x682.jpg 973w, https:\/\/maxeville.fr\/wp-content\/uploads\/2017\/10\/plan_verso-508x356.jpg 508w, https:\/\/maxeville.fr\/wp-content\/uploads\/2017\/10\/plan_verso-250x175.jpg 250w, https:\/\/maxeville.fr\/wp-content\/uploads\/2017\/10\/plan_verso-550x386.jpg 550w, https:\/\/maxeville.fr\/wp-content\/uploads\/2017\/10\/plan_verso-257x180.jpg 257w, https:\/\/maxeville.fr\/wp-content\/uploads\/2017\/10\/plan_verso-428x300.jpg 428w, https:\/\/maxeville.fr\/wp-content\/uploads\/2017\/10\/plan_verso-713x500.jpg 713w, https:\/\/maxeville.fr\/wp-content\/uploads\/2017\/10\/plan_verso-24x17.jpg 24w, https:\/\/maxeville.fr\/wp-content\/uploads\/2017\/10\/plan_verso-36x25.jpg 36w, https:\/\/maxeville.fr\/wp-content\/uploads\/2017\/10\/plan_verso-48x34.jpg 48w, https:\/\/maxeville.fr\/wp-content\/uploads\/2017\/10\/plan_verso.jpg 1698w\" sizes=\"(max-width: 620px) 100vw, 620px\" \/><\/p>\n<p>Le nouveau plan de Max\u00e9ville est disponible en mairie ou en <a href=\"http:\/\/www.maxeville.fr\/wp-content\/uploads\/2017\/10\/plan_maxeville.pdf\" target=\"_blank\">t\u00e9l\u00e9chargement<\/a>.<\/p>\n<div style=\"padding-bottom:20px; padding-top:10px;\" class=\"hupso-share-buttons\"><!-- Hupso Share Buttons - https:\/\/www.hupso.com\/share\/ --><a class=\"hupso_toolbar\" href=\"https:\/\/www.hupso.com\/share\/\"><img src=\"https:\/\/static.hupso.com\/share\/buttons\/lang\/fr\/share-medium.png\" style=\"border:0px; padding-top: 5px; float:left;\" alt=\"Share Button\"\/><\/a><script type=\"text\/javascript\">var hupso_services_t=new Array();var hupso_background_t=\"#EAF4FF\";var hupso_border_t=\"#66CCFF\";var hupso_toolbar_size_t=\"medium\";var hupso_image_folder_url = \"\";var hupso_url_t=\"\";var hupso_title_t=\"Plan%20de%20Max%C3%A9ville\";<\/script><script type=\"text\/javascript\" src=\"https:\/\/static.hupso.com\/share\/js\/share_toolbar.js\"><\/script><!-- Hupso Share Buttons --><\/div>","protected":false},"excerpt":{"rendered":"<p>Max\u00e9ville pratique Au recto, une face classique avec le lexique des noms de rues. Max\u00e9ville atypique Au verso, la ville est d\u00e9coup\u00e9e en quatre quartiers distincts : Max\u00e9ville&#8230;<\/p>\n","protected":false},"author":1,"featured_media":0,"parent":73,"menu_order":16,"comment_status":"closed","ping_status":"closed","template":"","meta":[],"_links":{"self":[{"href":"https:\/\/maxeville.fr\/index.php\/wp-json\/wp\/v2\/pages\/98"}],"collection":[{"href":"https:\/\/maxeville.fr\/index.php\/wp-json\/wp\/v2\/pages"}],"about":[{"href":"https:\/\/maxeville.fr\/index.php\/wp-json\/wp\/v2\/types\/page"}],"author":[{"embeddable":true,"href":"https:\/\/maxeville.fr\/index.php\/wp-json\/wp\/v2\/users\/1"}],"replies":[{"embeddable":true,"href":"https:\/\/maxeville.fr\/index.php\/wp-json\/wp\/v2\/comments?post=98"}],"version-history":[{"count":20,"href":"https:\/\/maxeville.fr\/index.php\/wp-json\/wp\/v2\/pages\/98\/revisions"}],"predecessor-version":[{"id":2390,"href":"https:\/\/maxeville.fr\/index.php\/wp-json\/wp\/v2\/pages\/98\/revisions\/2390"}],"up":[{"embeddable":true,"href":"https:\/\/maxeville.fr\/index.php\/wp-json\/wp\/v2\/pages\/73"}],"wp:attachment":[{"href":"https:\/\/maxeville.fr\/index.php\/wp-json\/wp\/v2\/media?parent=98"}],"curies":[{"name":"wp","href":"https:\/\/api.w.org\/{rel}","templated":true}]}}