{"id":9812,"date":"2021-02-16T11:48:52","date_gmt":"2021-02-16T10:48:52","guid":{"rendered":"http:\/\/maxeville.fr\/?page_id=9812"},"modified":"2021-05-20T12:05:08","modified_gmt":"2021-05-20T10:05:08","slug":"mentions-legales-2","status":"publish","type":"page","link":"https:\/\/maxeville.fr\/index.php\/mentions-legales-2\/","title":{"rendered":"Mentions l\u00e9gales"},"content":{"rendered":"\n<h3 class=\"wp-block-heading\">Informations l\u00e9gales<\/h3>\n\n\n\n<p>Conform\u00e9ment aux dispositions des articles 6-III et 19 de la loi pour la Confiance dans l&#8217;\u00c9conomie Num\u00e9rique, nous vous informons que :<\/p>\n\n\n\n<p>Le pr\u00e9sent site web est \u00e9dit\u00e9 par<strong>&nbsp;Ville de Max\u00e9ville<\/strong> 14 rue du 15 Septembre 1944 &#8211; 54320 Max\u00e9ville<br><strong>Adresse de courrier \u00e9lectronique<\/strong><a href=\"https:\/\/www.villerslesnancy.fr\/fr\/exprimez-vous.html\"> <\/a>: contact(at)mairie-maxeville.fr<br><strong>Num\u00e9ro de Siret&nbsp;<\/strong>:  215 403 577 000 12 ci-apr\u00e8s nomm\u00e9 l&#8217;Editeur.<br><strong>Le directeur de la publication<\/strong>&nbsp;du site web est<strong> Monsieur le Maire de Max\u00e9ville, Monsieur C. Choserot<\/strong><br>&nbsp;<\/p>\n\n\n\n<hr class=\"wp-block-separator\"\/>\n\n\n\n<h2 class=\"wp-block-heading\">Propri\u00e9t\u00e9 intellectuelle<\/h2>\n\n\n\n<p>Le site maxeville.fr est une&nbsp;<strong>propri\u00e9t\u00e9 de la Ville de Max\u00e9ville<\/strong>. Les photographies, textes, slogans, dessins, images, s\u00e9quences anim\u00e9es sonores ou non, logos, ic\u00f4nes et puces graphiques dans ce site en sont leur propri\u00e9t\u00e9 ou de tiers ayant autoris\u00e9 la Ville de Max\u00e9ville \u00e0 les utiliser.<br>En cons\u00e9quence et en application de la loi du 11 mars 1957 (art. 41) et du code de la propri\u00e9t\u00e9 intellectuelle, toute reproduction partielle ou totale d&#8217;un de ces \u00e9l\u00e9ments sans l&#8217;autorisation explicite d&#8217;une personne autoris\u00e9e  est interdite et constitue un&nbsp;<strong>d\u00e9lit de contrefa\u00e7on passible de poursuites<\/strong>.<\/p>\n\n\n\n<p>Le site est\u00a0<strong>mis \u00e0 jour quotidiennement<\/strong>. Malgr\u00e9 le travail apport\u00e9 par les services, certaines informations peuvent \u00eatre inexactes ou incompl\u00e8tes. <a href=\"https:\/\/maxeville.fr\/index.php\/contact\/\" data-type=\"URL\" data-id=\"https:\/\/maxeville.fr\/index.php\/contact\/\"><strong>Vous pouvez nous en\u00a0informer.<\/strong><\/a><br><\/p>\n\n\n\n<hr class=\"wp-block-separator\"\/>\n\n\n\n<hr class=\"wp-block-separator\"\/>\n\n\n\n<p><a href=\"https:\/\/maxeville.fr\/index.php\/traitement-des-donnees-personnelles\/\">Consulter le traitement des donn\u00e9es personnelles<\/a><\/p>\n\n\n\n<p><a href=\"https:\/\/maxeville.fr\/index.php\/gestion-des-cookies\/\">Consulter la politique de gestion des cookies<\/a><\/p>\n\n\n\n<p><\/p>\n<div style=\"padding-bottom:20px; padding-top:10px;\" class=\"hupso-share-buttons\"><!-- Hupso Share Buttons - https:\/\/www.hupso.com\/share\/ --><a class=\"hupso_toolbar\" href=\"https:\/\/www.hupso.com\/share\/\"><img src=\"https:\/\/static.hupso.com\/share\/buttons\/lang\/fr\/share-medium.png\" style=\"border:0px; padding-top: 5px; float:left;\" alt=\"Share Button\"\/><\/a><script type=\"text\/javascript\">var hupso_services_t=new Array();var hupso_background_t=\"#EAF4FF\";var hupso_border_t=\"#66CCFF\";var hupso_toolbar_size_t=\"medium\";var hupso_image_folder_url = \"\";var hupso_url_t=\"\";var hupso_title_t=\"Mentions%20l%C3%A9gales\";<\/script><script type=\"text\/javascript\" src=\"https:\/\/static.hupso.com\/share\/js\/share_toolbar.js\"><\/script><!-- Hupso Share Buttons --><\/div>","protected":false},"excerpt":{"rendered":"<p>Informations l\u00e9gales Conform\u00e9ment aux dispositions des articles 6-III et 19 de la loi pour la Confiance dans l&#8217;\u00c9conomie Num\u00e9rique, nous vous informons que : Le pr\u00e9sent site web&#8230;<\/p>\n","protected":false},"author":1,"featured_media":0,"parent":0,"menu_order":0,"comment_status":"closed","ping_status":"closed","template":"","meta":[],"_links":{"self":[{"href":"https:\/\/maxeville.fr\/index.php\/wp-json\/wp\/v2\/pages\/9812"}],"collection":[{"href":"https:\/\/maxeville.fr\/index.php\/wp-json\/wp\/v2\/pages"}],"about":[{"href":"https:\/\/maxeville.fr\/index.php\/wp-json\/wp\/v2\/types\/page"}],"author":[{"embeddable":true,"href":"https:\/\/maxeville.fr\/index.php\/wp-json\/wp\/v2\/users\/1"}],"replies":[{"embeddable":true,"href":"https:\/\/maxeville.fr\/index.php\/wp-json\/wp\/v2\/comments?post=9812"}],"version-history":[{"count":11,"href":"https:\/\/maxeville.fr\/index.php\/wp-json\/wp\/v2\/pages\/9812\/revisions"}],"predecessor-version":[{"id":10247,"href":"https:\/\/maxeville.fr\/index.php\/wp-json\/wp\/v2\/pages\/9812\/revisions\/10247"}],"wp:attachment":[{"href":"https:\/\/maxeville.fr\/index.php\/wp-json\/wp\/v2\/media?parent=9812"}],"curies":[{"name":"wp","href":"https:\/\/api.w.org\/{rel}","templated":true}]}}