{"id":985,"date":"2016-09-15T14:33:58","date_gmt":"2016-09-15T12:33:58","guid":{"rendered":"http:\/\/www.maxeville.fr\/?page_id=985"},"modified":"2026-03-12T16:51:31","modified_gmt":"2026-03-12T15:51:31","slug":"evs","status":"publish","type":"page","link":"https:\/\/maxeville.fr\/index.php\/ma-famille\/evs\/","title":{"rendered":"Espace de Vie Sociale"},"content":{"rendered":"\n<h5 class=\"wp-block-heading\"><strong>L\u2019Espace de Vie Sociale (E.V.S.)<\/strong><\/h5>\n\n\n\n<p><em>L\u2019Espace de vie sociale pour objectif de favoriser l\u2019\u00e9change et la rencontre entre max\u00e9villois et habitants du Plateau de Haye.<\/em><\/p>\n\n\n\n<p>Cet espace d\u2019animation et de vie sociale est g\u00e9r\u00e9 par la ville et un collectif d\u2019associations. Il est ouvert \u00e0 tous et vise \u00e0 soutenir les solidarit\u00e9s de voisinage, les relations entre g\u00e9n\u00e9rations, les liens et \u00e9changes sociaux et familiaux permettant \u00e0 chacun d\u2019exprimer, concevoir et r\u00e9aliser des projets.<\/p>\n\n\n\n<p><a href=\"https:\/\/www.facebook.com\/profile.php?id=100091850272782\" data-type=\"URL\" data-id=\"https:\/\/www.facebook.com\/profile.php?id=100091850272782\" target=\"_blank\" rel=\"noreferrer noopener\">Consulter toutes leurs actu&#8217; et animations \u00e0 venir sur leur page Facebook !<\/a><\/p>\n\n\n\n<figure class=\"wp-block-image size-large\"><img decoding=\"async\" loading=\"lazy\" width=\"724\" height=\"1024\" src=\"https:\/\/maxeville.fr\/wp-content\/uploads\/2026\/03\/AFFICHE-DEMENAGEMENT-724x1024.jpg\" alt=\"\" class=\"wp-image-19147\" srcset=\"https:\/\/maxeville.fr\/wp-content\/uploads\/2026\/03\/AFFICHE-DEMENAGEMENT-724x1024.jpg 724w, https:\/\/maxeville.fr\/wp-content\/uploads\/2026\/03\/AFFICHE-DEMENAGEMENT-212x300.jpg 212w, https:\/\/maxeville.fr\/wp-content\/uploads\/2026\/03\/AFFICHE-DEMENAGEMENT-768x1086.jpg 768w, https:\/\/maxeville.fr\/wp-content\/uploads\/2026\/03\/AFFICHE-DEMENAGEMENT-1086x1536.jpg 1086w, https:\/\/maxeville.fr\/wp-content\/uploads\/2026\/03\/AFFICHE-DEMENAGEMENT-1449x2048.jpg 1449w, https:\/\/maxeville.fr\/wp-content\/uploads\/2026\/03\/AFFICHE-DEMENAGEMENT-973x1376.jpg 973w, https:\/\/maxeville.fr\/wp-content\/uploads\/2026\/03\/AFFICHE-DEMENAGEMENT-508x718.jpg 508w, https:\/\/maxeville.fr\/wp-content\/uploads\/2026\/03\/AFFICHE-DEMENAGEMENT-17x24.jpg 17w, https:\/\/maxeville.fr\/wp-content\/uploads\/2026\/03\/AFFICHE-DEMENAGEMENT-25x36.jpg 25w, https:\/\/maxeville.fr\/wp-content\/uploads\/2026\/03\/AFFICHE-DEMENAGEMENT-34x48.jpg 34w, https:\/\/maxeville.fr\/wp-content\/uploads\/2026\/03\/AFFICHE-DEMENAGEMENT-scaled.jpg 1811w\" sizes=\"(max-width: 724px) 100vw, 724px\" \/><\/figure>\n<div style=\"padding-bottom:20px; padding-top:10px;\" class=\"hupso-share-buttons\"><!-- Hupso Share Buttons - https:\/\/www.hupso.com\/share\/ --><a class=\"hupso_toolbar\" href=\"https:\/\/www.hupso.com\/share\/\"><img src=\"https:\/\/static.hupso.com\/share\/buttons\/lang\/fr\/share-medium.png\" style=\"border:0px; padding-top: 5px; float:left;\" alt=\"Share Button\"\/><\/a><script type=\"text\/javascript\">var hupso_services_t=new Array();var hupso_background_t=\"#EAF4FF\";var hupso_border_t=\"#66CCFF\";var hupso_toolbar_size_t=\"medium\";var hupso_image_folder_url = \"\";var hupso_url_t=\"\";var hupso_title_t=\"Espace%20de%20Vie%20Sociale\";<\/script><script type=\"text\/javascript\" src=\"https:\/\/static.hupso.com\/share\/js\/share_toolbar.js\"><\/script><!-- Hupso Share Buttons --><\/div>","protected":false},"excerpt":{"rendered":"<p>L\u2019Espace de Vie Sociale (E.V.S.) L\u2019Espace de vie sociale pour objectif de favoriser l\u2019\u00e9change et la rencontre entre max\u00e9villois et habitants du Plateau de Haye. Cet espace d\u2019animation&#8230;<\/p>\n","protected":false},"author":1,"featured_media":13492,"parent":341,"menu_order":17,"comment_status":"closed","ping_status":"closed","template":"","meta":[],"_links":{"self":[{"href":"https:\/\/maxeville.fr\/index.php\/wp-json\/wp\/v2\/pages\/985"}],"collection":[{"href":"https:\/\/maxeville.fr\/index.php\/wp-json\/wp\/v2\/pages"}],"about":[{"href":"https:\/\/maxeville.fr\/index.php\/wp-json\/wp\/v2\/types\/page"}],"author":[{"embeddable":true,"href":"https:\/\/maxeville.fr\/index.php\/wp-json\/wp\/v2\/users\/1"}],"replies":[{"embeddable":true,"href":"https:\/\/maxeville.fr\/index.php\/wp-json\/wp\/v2\/comments?post=985"}],"version-history":[{"count":31,"href":"https:\/\/maxeville.fr\/index.php\/wp-json\/wp\/v2\/pages\/985\/revisions"}],"predecessor-version":[{"id":19223,"href":"https:\/\/maxeville.fr\/index.php\/wp-json\/wp\/v2\/pages\/985\/revisions\/19223"}],"up":[{"embeddable":true,"href":"https:\/\/maxeville.fr\/index.php\/wp-json\/wp\/v2\/pages\/341"}],"wp:featuredmedia":[{"embeddable":true,"href":"https:\/\/maxeville.fr\/index.php\/wp-json\/wp\/v2\/media\/13492"}],"wp:attachment":[{"href":"https:\/\/maxeville.fr\/index.php\/wp-json\/wp\/v2\/media?parent=985"}],"curies":[{"name":"wp","href":"https:\/\/api.w.org\/{rel}","templated":true}]}}