{"id":989,"date":"2016-09-15T14:34:05","date_gmt":"2016-09-15T12:34:05","guid":{"rendered":"http:\/\/www.maxeville.fr\/?page_id=989"},"modified":"2024-04-05T09:40:00","modified_gmt":"2024-04-05T07:40:00","slug":"service-au-logement","status":"publish","type":"page","link":"https:\/\/maxeville.fr\/index.php\/ma-famille\/service-au-logement\/","title":{"rendered":"Service au logement"},"content":{"rendered":"<hr>\n<p><strong><span style=\"color: #808080;\">Avec pr\u00e8s de 10.000 habitants&nbsp; et plus des deux tiers de logements sociaux, Max\u00e9ville est une ville ouverte qui offre une belle mixit\u00e9 dans sa population et dans sa culture. La municipalit\u00e9 conduit une politique de l\u2019habitat ambitieuse et respectueuse du cadre de vie.<\/span><\/strong><\/p>\n<h5>Le Service au logement, tout simplement\u2026<\/h5>\n<ul>\n<li><span style=\"color: #808080;\">Il informe, oriente et conseille tous les demandeurs de logement des diff\u00e9rentes possibilit\u00e9s pour se loger en fonction de la situation familiale et socio-\u00e9conomique ;<\/span><\/li>\n<li><span style=\"color: #808080;\">Il repr\u00e9sente la commune aux diff\u00e9rentes commissions d\u2019attribution des logements des bailleurs pr\u00e9sents sur le territoire ;<\/span><\/li>\n<li><span style=\"color: #808080;\">Il participe \u00e0 la pr\u00e9vention des expulsions. <\/span><\/li>\n<\/ul>\n<p><span style=\"color: #808080;\">Le Service Logement tient \u00e0 votre disposition, en Mairie ou \u00e0 l\u2019Annexe du P\u00f4le Solidarit\u00e9 sur Champ-le-B\u0153uf, le Formulaire unique de demande de logement social que vous pouvez t\u00e9l\u00e9charger directement ici :<\/span><\/p>\n<p><span style=\"color: #808080;\"><a href=\"https:\/\/maxeville.fr\/wp-content\/uploads\/2024\/04\/cerfa_14069-05.pdf\" target=\"_blank\" rel=\"noopener noreferrer\">T\u00e9l\u00e9chargez le contenu du formulaire<\/a>&nbsp;et<a href=\"https:\/\/maxeville.fr\/wp-content\/uploads\/2024\/04\/PIECES-DDE-LOGT.pdf\"> la liste des documents justificatifs<\/a> \u00e0 fournir aux bailleurs.<\/span><\/p>\n<h5>Les aides possibles au logement<\/h5>\n<p><span style=\"color: #808080;\">En fonction de vos ressources et du montant de votre loyer, l&#8217;Allocation Logement (AL) ou l&#8217;Allocation personnalis\u00e9e au logement (APL) permettent de r\u00e9duire le montant de votre loyer. Ces aides sont accord\u00e9es par la <a style=\"color: #808080;\" href=\"http:\/\/www.caf.fr\/\">Caisse d&#8217;Allocations Familiales<\/a>&nbsp;(CAF), apr\u00e8s constitution d&#8217;un dossier.<\/span><\/p>\n<p><span style=\"color: #808080;\"><b>Fonds de Solidarit\u00e9 Logement (FSL)<\/b><\/span><\/p>\n<p><span style=\"color: #808080;\">Ce dispositif &nbsp;est destin\u00e9 \u00e0 accompagner l\u2019entr\u00e9e dans les lieux et de s\u2019y maintenir. Des aides financi\u00e8res sous forme de cautions, pr\u00eats, garanties et subventions peuvent \u00eatre accord\u00e9es, sous certaines conditions, aux personnes ou familles \u00e9prouvant des difficult\u00e9s particuli\u00e8res<\/span><\/p>\n<p><strong><span style=\"color: #808080;\">En cas de difficult\u00e9s pour r\u00e9gler votre loyer :<\/span><\/strong><\/p>\n<p><span style=\"color: #808080;\">1\/ vous devez prendre contact avec votre bailleur afin de trouver une solution amiable, avec la mise en place d\u2019un plan d\u2019apurement pour r\u00e9gler votre dette de loyer.<\/span><\/p>\n<p><span style=\"color: #808080;\">2\/ prendre contact si n\u00e9cessaire avec les services sociaux pr\u00e9sents sur le territoire :<\/span><\/p>\n<ul>\n<li><span style=\"color: #808080;\"><strong> La Maison D\u00e9partementale des Solidarit\u00e9s<\/strong> \u2013 Plateau de Haye<br>1339 av. Raymond Pinchard 54000 Nancy &#8211; Tel : 03 83 97 11 44<\/span><\/li>\n<li><span style=\"color: #808080;\"><strong>La Maison D\u00e9partementale des Solidarit\u00e9s<\/strong> \u2013 Champ le B\u0153uf<br>Rue de la Meuse 54304 Laxou &#8211; Tel : 03 83 96 29 43<\/span><\/li>\n<li><span style=\"color: #808080;\"><strong>Le Centre Communal d\u2019Action Sociale de la Ville de Max\u00e9ville<\/strong> \u2013 14 rue du 15 septembre 1944 &#8211;&nbsp; ou \u00e0 l\u2019Annexe du P\u00f4le Solidarit\u00e9 \u2013 2 rue de la Crusnes<\/span><\/li>\n<\/ul>\n<p><span style=\"color: #808080;\">Ces services&nbsp; sont susceptibles d\u2019informer le locataires sur les d\u00e9marches \u00e0 entreprendre pour se maintenir dans son logement. Il peuvent \u00e9galement lui indiquer et solliciter les dispositifs d\u2019aides permettant de rembourser des dettes de loyer et de charges locatives.<\/span><\/p>\n<p><span style=\"color: #808080;\"><b>Vous \u00eates dans une situation urgente et vous n\u2019avez pas<br>de solution d\u2019h\u00e9bergement ?<br><\/b><\/span><span style=\"color: #808080;\">Le Service d\u2019Accueil et d\u2019Orientation (SAO) vous accueille au 44 rue Molitor \u00e0 Nancy pour vous trouver un h\u00e9bergement d\u2019urgence et temporaire.<br><\/span><span style=\"color: #808080;\">Ce service est joignable \u00e9galement par t\u00e9l\u00e9phone au 115.<\/span><\/p>\n<p><strong><span style=\"color: #808080;\">Vous \u00eates \u00e9tudiant ?<br><\/span><\/strong><span style=\"color: #808080;\">Le CROUS Lorraine dispose de chambres et de studios au sein de ses r\u00e9sidences universitaires <a style=\"color: #808080;\" href=\"http:\/\/www.crous-lorraine.fr\/logements\">http:\/\/<\/a><a style=\"color: #808080;\" href=\"http:\/\/www.crous-lorraine.fr\/logements\">www.crous-lorraine.fr\/logements<\/a><\/span><\/p>\n<p><\/p>\n\n\n<hr class=\"wp-block-separator has-alpha-channel-opacity\"\/>\n\n\n\n<p><strong><em>D&#8217;autres formes d&#8217;assistance sont \u00e9galement d\u00e9ploy\u00e9es par le gouvernement et disponibles. Pour obtenir plus d&#8217;informations sur l&#8217;ensemble des aides financi\u00e8res au logement, veuillez consulter <a href=\"https:\/\/www.ecologie.gouv.fr\/demarches\/aides-financieres-au-logement\" data-type=\"URL\" data-id=\"https:\/\/www.ecologie.gouv.fr\/demarches\/aides-financieres-au-logement\">ce site web. <\/a><\/em><\/strong><\/p>\n<div style=\"padding-bottom:20px; padding-top:10px;\" class=\"hupso-share-buttons\"><!-- Hupso Share Buttons - https:\/\/www.hupso.com\/share\/ --><a class=\"hupso_toolbar\" href=\"https:\/\/www.hupso.com\/share\/\"><img src=\"https:\/\/static.hupso.com\/share\/buttons\/lang\/fr\/share-medium.png\" style=\"border:0px; padding-top: 5px; float:left;\" alt=\"Share Button\"\/><\/a><script type=\"text\/javascript\">var hupso_services_t=new Array();var hupso_background_t=\"#EAF4FF\";var hupso_border_t=\"#66CCFF\";var hupso_toolbar_size_t=\"medium\";var hupso_image_folder_url = \"\";var hupso_url_t=\"\";var hupso_title_t=\"Service%20au%20logement\";<\/script><script type=\"text\/javascript\" src=\"https:\/\/static.hupso.com\/share\/js\/share_toolbar.js\"><\/script><!-- Hupso Share Buttons --><\/div>","protected":false},"excerpt":{"rendered":"<p>Avec pr\u00e8s de 10.000 habitants&nbsp; et plus des deux tiers de logements sociaux, Max\u00e9ville est une ville ouverte qui offre une belle mixit\u00e9 dans sa population et dans&#8230;<\/p>\n","protected":false},"author":1,"featured_media":0,"parent":341,"menu_order":20,"comment_status":"closed","ping_status":"closed","template":"","meta":[],"_links":{"self":[{"href":"https:\/\/maxeville.fr\/index.php\/wp-json\/wp\/v2\/pages\/989"}],"collection":[{"href":"https:\/\/maxeville.fr\/index.php\/wp-json\/wp\/v2\/pages"}],"about":[{"href":"https:\/\/maxeville.fr\/index.php\/wp-json\/wp\/v2\/types\/page"}],"author":[{"embeddable":true,"href":"https:\/\/maxeville.fr\/index.php\/wp-json\/wp\/v2\/users\/1"}],"replies":[{"embeddable":true,"href":"https:\/\/maxeville.fr\/index.php\/wp-json\/wp\/v2\/comments?post=989"}],"version-history":[{"count":16,"href":"https:\/\/maxeville.fr\/index.php\/wp-json\/wp\/v2\/pages\/989\/revisions"}],"predecessor-version":[{"id":15759,"href":"https:\/\/maxeville.fr\/index.php\/wp-json\/wp\/v2\/pages\/989\/revisions\/15759"}],"up":[{"embeddable":true,"href":"https:\/\/maxeville.fr\/index.php\/wp-json\/wp\/v2\/pages\/341"}],"wp:attachment":[{"href":"https:\/\/maxeville.fr\/index.php\/wp-json\/wp\/v2\/media?parent=989"}],"curies":[{"name":"wp","href":"https:\/\/api.w.org\/{rel}","templated":true}]}}