{"id":995,"date":"2016-09-15T14:34:18","date_gmt":"2016-09-15T12:34:18","guid":{"rendered":"http:\/\/www.maxeville.fr\/?page_id=995"},"modified":"2024-12-16T15:48:30","modified_gmt":"2024-12-16T14:48:30","slug":"handicap","status":"publish","type":"page","link":"https:\/\/maxeville.fr\/index.php\/ma-famille\/handicap\/","title":{"rendered":"Handicap"},"content":{"rendered":"<hr \/>\n<h5>Le Handicap<\/h5>\n<p>Les <b>MDPH<\/b> exercent une mission d&#8217;<b>accueil<\/b>, d&#8217;<b>information<\/b>, d&#8217;<b>accompagnement<\/b> et de <b>conseil<\/b> des personnes handicap\u00e9es et de leur famille, ainsi que de <b>sensibilisation<\/b> de tous les citoyens au handicap. Au sein de la <b>MDPH<\/b>, c\u2019est la Commission des Droits et de l\u2019Autonomie des Personnes Handicap\u00e9es (<b><a href=\"http:\/\/www.association-aide-victimes.fr\/cdaph.htm\">CDAPH<\/a><\/b> ou CDA) qui prend les d\u00e9cisions pour tout ce qui concerne l\u2019application des droits des personnes handicap\u00e9es (allocations, prestations de compensation, orientations scolaire et professionnelle, accueil en \u00e9tablissements sp\u00e9cialis\u00e9s).<\/p>\n<p>Il existe une MDPH par d\u00e9partement.<\/p>\n<p><em><strong>MDPH 54 :<br \/>\n<\/strong>123 rue Ernest Albert\u00a0 &#8211; CS 31030 &#8211; 54521 Laxou Cedex<\/em><br \/>\n<em> T\u00e9l. 03 83 97 44 20<\/em><\/p>\n<div dir=\"ltr\">\n<div dir=\"ltr\">\n<div dir=\"ltr\">\n<div dir=\"ltr\">\n<div dir=\"ltr\">\n<div dir=\"ltr\">\n<div dir=\"ltr\">\n<div dir=\"ltr\">\n<div>\n<p dir=\"ltr\">Certaines d\u00e9penses n\u00e9cessaires \u00e0 l\u2019adaptation du logement au handicap et \u00e0 la perte d\u2019autonomie peuvent \u00e9galement \u00eatre pris en charge, en partie par <a href=\"https:\/\/france-renov.gouv.fr\/aides\/habiter-facile\">les aides nationales<\/a> et en partie par les caisses de retraites ou caisses d\u2019allocations.<\/p>\n<p dir=\"ltr\">\n<\/div>\n<\/div>\n<\/div>\n<\/div>\n<\/div>\n<\/div>\n<\/div>\n<\/div>\n<\/div>\n<h5>La Commission Communale Accessibilit\u00e9<\/h5>\n<p>Promouvoir une meilleure accessibilit\u00e9 de la Ville (\u00e9tablissements publics municipaux, stationnement, transports en commun et mobilit\u00e9, voirie..) ainsi qu\u2019une meilleure accessibilit\u00e9 \u00e0 la vie de la cit\u00e9, tels sont les enjeux de cette commission devenue effective et\u00a0 rendue obligatoire par la loi du 11 f\u00e9vrier 2005.<\/p>\n<p>\u00c0\u00a0Max\u00e9ville, c\u2019est le Conseil municipal qui a cr\u00e9\u00e9e la commission d\u00e8s Avril 2006. Elle est pr\u00e9sid\u00e9e par le Maire et se compose d\u2019\u00e9lus et de diverses associations repr\u00e9sentant\u00a0 le public\u00a0 touch\u00e9 (de pr\u00e8s ou de loin) par le handicap.\u00a0 La r\u00e9flexion s\u2019articule autour de deux axes prioritaires dont le Grand Nancy a comp\u00e9tence : les espaces publics, transports et voiries d\u2019une part ; et les \u00e9tablissements recevant du public, d\u2019autre part.<\/p>\n<div style=\"padding-bottom:20px; padding-top:10px;\" class=\"hupso-share-buttons\"><!-- Hupso Share Buttons - https:\/\/www.hupso.com\/share\/ --><a class=\"hupso_toolbar\" href=\"https:\/\/www.hupso.com\/share\/\"><img src=\"https:\/\/static.hupso.com\/share\/buttons\/lang\/fr\/share-medium.png\" style=\"border:0px; padding-top: 5px; float:left;\" alt=\"Share Button\"\/><\/a><script type=\"text\/javascript\">var hupso_services_t=new Array();var hupso_background_t=\"#EAF4FF\";var hupso_border_t=\"#66CCFF\";var hupso_toolbar_size_t=\"medium\";var hupso_image_folder_url = \"\";var hupso_url_t=\"\";var hupso_title_t=\"Handicap\";<\/script><script type=\"text\/javascript\" src=\"https:\/\/static.hupso.com\/share\/js\/share_toolbar.js\"><\/script><!-- Hupso Share Buttons --><\/div>","protected":false},"excerpt":{"rendered":"<p>Le Handicap Les MDPH exercent une mission d&#8217;accueil, d&#8217;information, d&#8217;accompagnement et de conseil des personnes handicap\u00e9es et de leur famille, ainsi que de sensibilisation de tous les citoyens&#8230;<\/p>\n","protected":false},"author":1,"featured_media":0,"parent":341,"menu_order":15,"comment_status":"closed","ping_status":"closed","template":"","meta":[],"_links":{"self":[{"href":"https:\/\/maxeville.fr\/index.php\/wp-json\/wp\/v2\/pages\/995"}],"collection":[{"href":"https:\/\/maxeville.fr\/index.php\/wp-json\/wp\/v2\/pages"}],"about":[{"href":"https:\/\/maxeville.fr\/index.php\/wp-json\/wp\/v2\/types\/page"}],"author":[{"embeddable":true,"href":"https:\/\/maxeville.fr\/index.php\/wp-json\/wp\/v2\/users\/1"}],"replies":[{"embeddable":true,"href":"https:\/\/maxeville.fr\/index.php\/wp-json\/wp\/v2\/comments?post=995"}],"version-history":[{"count":9,"href":"https:\/\/maxeville.fr\/index.php\/wp-json\/wp\/v2\/pages\/995\/revisions"}],"predecessor-version":[{"id":17197,"href":"https:\/\/maxeville.fr\/index.php\/wp-json\/wp\/v2\/pages\/995\/revisions\/17197"}],"up":[{"embeddable":true,"href":"https:\/\/maxeville.fr\/index.php\/wp-json\/wp\/v2\/pages\/341"}],"wp:attachment":[{"href":"https:\/\/maxeville.fr\/index.php\/wp-json\/wp\/v2\/media?parent=995"}],"curies":[{"name":"wp","href":"https:\/\/api.w.org\/{rel}","templated":true}]}}